{"id":5335,"date":"2024-06-07T15:53:13","date_gmt":"2024-06-07T15:53:13","guid":{"rendered":"https:\/\/parcodelcariberd.com\/?page_id=5335"},"modified":"2024-06-19T17:41:04","modified_gmt":"2024-06-19T17:41:04","slug":"politica-di-cancellazione","status":"publish","type":"page","link":"https:\/\/parcodelcariberd.com\/it\/politica-di-cancellazione\/","title":{"rendered":"Politica di cancellazione"},"content":{"rendered":"<h3 id=\"tw-target-text\" class=\"tw-data-text tw-text-large tw-ta\" dir=\"ltr\" data-placeholder=\"Translation\" aria-label=\"Translated text\" data-ved=\"2ahUKEwjCqPqTtMmGAxV6S2wGHQ3ZB0AQ3ewLegQIBRAU\"><span class=\"Y2IQFc\" lang=\"it\">Politica di cancellazione<\/span><\/h3>\n<p id=\"tw-target-text\" class=\"tw-data-text tw-text-large tw-ta\" dir=\"ltr\" data-placeholder=\"Translation\" aria-label=\"Translated text\" data-ved=\"2ahUKEwjCqPqTtMmGAxV6S2wGHQ3ZB0AQ3ewLegQIBRAU\"><span class=\"Y2IQFc\" lang=\"it\">Secondo la nostra politica di cancellazione, avrai diritto a recedere dal contratto, parzialmente o totalmente, alle seguenti condizioni:<\/span><\/p>\n<ul>\n<li id=\"tw-target-text\" class=\"tw-data-text tw-text-large tw-ta\" dir=\"ltr\" data-placeholder=\"Translation\" aria-label=\"Translated text\" data-ved=\"2ahUKEwjCqPqTtMmGAxV6S2wGHQ3ZB0AQ3ewLegQIBRAU\"><span class=\"Y2IQFc\" lang=\"it\"><strong>TARIFFA NON RIMBORSABILE:<\/strong> Verr\u00e0 addebitato l&#8217;intero importo della prenotazione.<\/span><\/li>\n<li dir=\"ltr\" data-placeholder=\"Translation\" aria-label=\"Translated text\" data-ved=\"2ahUKEwjCqPqTtMmGAxV6S2wGHQ3ZB0AQ3ewLegQIBRAU\"><strong>CANCELLAZIONE GRATUITA:<\/strong> Dal 1 maggio al 30 ottobre Il cliente pu\u00f2 cancellare gratuitamente fino a 3 giorni prima dell&#8217;arrivo. In caso di mancato arrivo verr\u00e0 addebitata la prima notte.<\/li>\n<li dir=\"ltr\" data-placeholder=\"Translation\" aria-label=\"Translated text\" data-ved=\"2ahUKEwjCqPqTtMmGAxV6S2wGHQ3ZB0AQ3ewLegQIBRAU\">Dal 1 novembre al 30 aprile il cliente pu\u00f2 cancellare gratuitamente fino a 3 giorni prima dell&#8217;arrivo. In caso di mancata presentazione verr\u00e0 addebitato l&#8217;importo totale.<\/li>\n<\/ul>\n","protected":false},"excerpt":{"rendered":"<p>Politica di cancellazione Secondo la nostra politica di cancellazione, avrai diritto a recedere dal contratto, parzialmente o totalmente, alle seguenti condizioni: TARIFFA NON RIMBORSABILE: Verr\u00e0 addebitato l&#8217;intero importo della prenotazione. CANCELLAZIONE GRATUITA: Dal 1 maggio al 30 ottobre Il cliente pu\u00f2 cancellare gratuitamente fino a 3 giorni prima dell&#8217;arrivo. In caso di mancato arrivo verr\u00e0 [&hellip;]<\/p>\n","protected":false},"author":1,"featured_media":0,"parent":0,"menu_order":0,"comment_status":"closed","ping_status":"closed","template":"","meta":[],"yoast_head":"<!-- This site is optimized with the Yoast SEO Premium plugin v19.5 (Yoast SEO v19.10) - https:\/\/yoast.com\/wordpress\/plugins\/seo\/ -->\n<title>Politica di cancellazione - Parco del Caribe<\/title>\n<meta name=\"robots\" content=\"index, follow, max-snippet:-1, max-image-preview:large, max-video-preview:-1\" \/>\n<link rel=\"canonical\" href=\"https:\/\/parcodelcariberd.com\/it\/politica-di-cancellazione\/\" \/>\n<meta property=\"og:locale\" content=\"it_IT\" \/>\n<meta property=\"og:type\" content=\"article\" \/>\n<meta property=\"og:title\" content=\"Politica di cancellazione\" \/>\n<meta property=\"og:description\" content=\"Politica di cancellazione Secondo la nostra politica di cancellazione, avrai diritto a recedere dal contratto, parzialmente o totalmente, alle seguenti condizioni: TARIFFA NON RIMBORSABILE: Verr\u00e0 addebitato l&#8217;intero importo della prenotazione. CANCELLAZIONE GRATUITA: Dal 1 maggio al 30 ottobre Il cliente pu\u00f2 cancellare gratuitamente fino a 3 giorni prima dell&#8217;arrivo. In caso di mancato arrivo verr\u00e0 [&hellip;]\" \/>\n<meta property=\"og:url\" content=\"https:\/\/parcodelcariberd.com\/it\/politica-di-cancellazione\/\" \/>\n<meta property=\"og:site_name\" content=\"Parco del Caribe\" \/>\n<meta property=\"article:modified_time\" content=\"2024-06-19T17:41:04+00:00\" \/>\n<meta name=\"twitter:card\" content=\"summary_large_image\" \/>\n<meta name=\"twitter:label1\" content=\"Tempo di lettura stimato\" \/>\n\t<meta name=\"twitter:data1\" content=\"1 minuto\" \/>\n<script type=\"application\/ld+json\" class=\"yoast-schema-graph\">{\"@context\":\"https:\/\/schema.org\",\"@graph\":[{\"@type\":\"WebPage\",\"@id\":\"https:\/\/parcodelcariberd.com\/it\/politica-di-cancellazione\/\",\"url\":\"https:\/\/parcodelcariberd.com\/it\/politica-di-cancellazione\/\",\"name\":\"Politica di cancellazione - Parco del Caribe\",\"isPartOf\":{\"@id\":\"https:\/\/parcodelcariberd.com\/it\/#website\"},\"datePublished\":\"2024-06-07T15:53:13+00:00\",\"dateModified\":\"2024-06-19T17:41:04+00:00\",\"breadcrumb\":{\"@id\":\"https:\/\/parcodelcariberd.com\/it\/politica-di-cancellazione\/#breadcrumb\"},\"inLanguage\":\"it-IT\",\"potentialAction\":[{\"@type\":\"ReadAction\",\"target\":[\"https:\/\/parcodelcariberd.com\/it\/politica-di-cancellazione\/\"]}]},{\"@type\":\"BreadcrumbList\",\"@id\":\"https:\/\/parcodelcariberd.com\/it\/politica-di-cancellazione\/#breadcrumb\",\"itemListElement\":[{\"@type\":\"ListItem\",\"position\":1,\"name\":\"Home\",\"item\":\"https:\/\/parcodelcariberd.com\/it\/\"},{\"@type\":\"ListItem\",\"position\":2,\"name\":\"Politica di cancellazione\"}]},{\"@type\":\"WebSite\",\"@id\":\"https:\/\/parcodelcariberd.com\/it\/#website\",\"url\":\"https:\/\/parcodelcariberd.com\/it\/\",\"name\":\"Parco del Caribe\",\"description\":\"Alquiler de Apartamentos en Boca Chica\",\"potentialAction\":[{\"@type\":\"SearchAction\",\"target\":{\"@type\":\"EntryPoint\",\"urlTemplate\":\"https:\/\/parcodelcariberd.com\/it\/?s={search_term_string}\"},\"query-input\":\"required name=search_term_string\"}],\"inLanguage\":\"it-IT\"}]}<\/script>\n<!-- \/ Yoast SEO Premium plugin. -->","yoast_head_json":{"title":"Politica di cancellazione - Parco del Caribe","robots":{"index":"index","follow":"follow","max-snippet":"max-snippet:-1","max-image-preview":"max-image-preview:large","max-video-preview":"max-video-preview:-1"},"canonical":"https:\/\/parcodelcariberd.com\/it\/politica-di-cancellazione\/","og_locale":"it_IT","og_type":"article","og_title":"Politica di cancellazione","og_description":"Politica di cancellazione Secondo la nostra politica di cancellazione, avrai diritto a recedere dal contratto, parzialmente o totalmente, alle seguenti condizioni: TARIFFA NON RIMBORSABILE: Verr\u00e0 addebitato l&#8217;intero importo della prenotazione. CANCELLAZIONE GRATUITA: Dal 1 maggio al 30 ottobre Il cliente pu\u00f2 cancellare gratuitamente fino a 3 giorni prima dell&#8217;arrivo. In caso di mancato arrivo verr\u00e0 [&hellip;]","og_url":"https:\/\/parcodelcariberd.com\/it\/politica-di-cancellazione\/","og_site_name":"Parco del Caribe","article_modified_time":"2024-06-19T17:41:04+00:00","twitter_card":"summary_large_image","twitter_misc":{"Tempo di lettura stimato":"1 minuto"},"schema":{"@context":"https:\/\/schema.org","@graph":[{"@type":"WebPage","@id":"https:\/\/parcodelcariberd.com\/it\/politica-di-cancellazione\/","url":"https:\/\/parcodelcariberd.com\/it\/politica-di-cancellazione\/","name":"Politica di cancellazione - Parco del Caribe","isPartOf":{"@id":"https:\/\/parcodelcariberd.com\/it\/#website"},"datePublished":"2024-06-07T15:53:13+00:00","dateModified":"2024-06-19T17:41:04+00:00","breadcrumb":{"@id":"https:\/\/parcodelcariberd.com\/it\/politica-di-cancellazione\/#breadcrumb"},"inLanguage":"it-IT","potentialAction":[{"@type":"ReadAction","target":["https:\/\/parcodelcariberd.com\/it\/politica-di-cancellazione\/"]}]},{"@type":"BreadcrumbList","@id":"https:\/\/parcodelcariberd.com\/it\/politica-di-cancellazione\/#breadcrumb","itemListElement":[{"@type":"ListItem","position":1,"name":"Home","item":"https:\/\/parcodelcariberd.com\/it\/"},{"@type":"ListItem","position":2,"name":"Politica di cancellazione"}]},{"@type":"WebSite","@id":"https:\/\/parcodelcariberd.com\/it\/#website","url":"https:\/\/parcodelcariberd.com\/it\/","name":"Parco del Caribe","description":"Alquiler de Apartamentos en Boca Chica","potentialAction":[{"@type":"SearchAction","target":{"@type":"EntryPoint","urlTemplate":"https:\/\/parcodelcariberd.com\/it\/?s={search_term_string}"},"query-input":"required name=search_term_string"}],"inLanguage":"it-IT"}]}},"_links":{"self":[{"href":"https:\/\/parcodelcariberd.com\/it\/wp-json\/wp\/v2\/pages\/5335"}],"collection":[{"href":"https:\/\/parcodelcariberd.com\/it\/wp-json\/wp\/v2\/pages"}],"about":[{"href":"https:\/\/parcodelcariberd.com\/it\/wp-json\/wp\/v2\/types\/page"}],"author":[{"embeddable":true,"href":"https:\/\/parcodelcariberd.com\/it\/wp-json\/wp\/v2\/users\/1"}],"replies":[{"embeddable":true,"href":"https:\/\/parcodelcariberd.com\/it\/wp-json\/wp\/v2\/comments?post=5335"}],"version-history":[{"count":3,"href":"https:\/\/parcodelcariberd.com\/it\/wp-json\/wp\/v2\/pages\/5335\/revisions"}],"predecessor-version":[{"id":5358,"href":"https:\/\/parcodelcariberd.com\/it\/wp-json\/wp\/v2\/pages\/5335\/revisions\/5358"}],"wp:attachment":[{"href":"https:\/\/parcodelcariberd.com\/it\/wp-json\/wp\/v2\/media?parent=5335"}],"curies":[{"name":"wp","href":"https:\/\/api.w.org\/{rel}","templated":true}]}}