{"id":5315,"date":"2024-05-23T15:17:12","date_gmt":"2024-05-23T15:17:12","guid":{"rendered":"https:\/\/parcodelcariberd.com\/terms-and-conditions\/"},"modified":"2024-06-08T05:21:10","modified_gmt":"2024-06-08T05:21:10","slug":"terms-and-conditions","status":"publish","type":"page","link":"https:\/\/parcodelcariberd.com\/it\/terms-and-conditions\/","title":{"rendered":"Termini e Condizioni"},"content":{"rendered":"<h3>Termini e Condizioni<\/h3>\n<h4 id=\"tw-target-text\" class=\"tw-data-text tw-text-large tw-ta\" dir=\"ltr\" data-placeholder=\"Translation\" aria-label=\"Translated text\" data-ved=\"2ahUKEwjokJzsi8uGAxWta_UHHeeOAroQ3ewLegQIBRAU\"><span class=\"Y2IQFc\" lang=\"it\">Prenotazioni e Check-In:<\/span><\/h4>\n<ul>\n<li><strong>Conferma della prenotazione:<\/strong> la prenotazione sar\u00e0 confermata una volta effettuato il pagamento e prenotata la camera.<\/li>\n<li><strong>Orario di check-in:<\/strong> il check-in anticipato \u00e8 soggetto a disponibilit\u00e0, mentre \u00e8 alle 14:00 e potrebbe comportare costi aggiuntivi se arrivi prima dell&#8217;orario.<\/li>\n<li><strong>Documento d&#8217;identit\u00e0:<\/strong> \u00e8 necessario che gli ospiti presentino un documento d&#8217;identit\u00e0 per una migliore comunicazione.<\/li>\n<\/ul>\n<h4>Pagamento:<\/h4>\n<ul>\n<li id=\"tw-target-text\" class=\"tw-data-text tw-text-large tw-ta\" dir=\"ltr\" data-placeholder=\"Translation\" aria-label=\"Translated text\" data-ved=\"2ahUKEwjokJzsi8uGAxWta_UHHeeOAroQ3ewLegQIBRAU\"><span class=\"Y2IQFc\" lang=\"it\">Accettiamo i principali PayPal, carte di credito tra cui Visa e MasterCard, carte di debito e contanti per renderlo conveniente per te. Non preferiamo il pagamento anticipato per garantire maggiore chiarezza ai visitatori.<\/span><\/li>\n<\/ul>\n<h4 id=\"tw-target-text\" class=\"tw-data-text tw-text-large tw-ta\" dir=\"ltr\" data-placeholder=\"Translation\" aria-label=\"Translated text\" data-ved=\"2ahUKEwjokJzsi8uGAxWta_UHHeeOAroQ3ewLegQIBRAU\"><span class=\"Y2IQFc\" lang=\"it\">Guardare:<\/span><\/h4>\n<ul>\n<li id=\"tw-target-text\" class=\"tw-data-text tw-text-large tw-ta\" dir=\"ltr\" data-placeholder=\"Translation\" aria-label=\"Translated text\" data-ved=\"2ahUKEwjokJzsi8uGAxWta_UHHeeOAroQ3ewLegQIBRAU\"><span class=\"Y2IQFc\" lang=\"it\">L&#8217;orario previsto per il check-out \u00e8 alle 13:00. Le richieste di check-out posticipato saranno soggette a disponibilit\u00e0 e potrebbero comportare costi aggiuntivi<\/span><\/li>\n<\/ul>\n<h4>Responsabilit\u00e0 dell&#8217;ospite:<\/h4>\n<ul>\n<li><strong>Condizioni della camera:<\/strong> in caso di danni alla propriet\u00e0 dell&#8217;hotel da parte degli ospiti, potrebbero essere applicati costi aggiuntivi.<\/li>\n<li>\n<p id=\"tw-target-text\" class=\"tw-data-text tw-text-large tw-ta\" dir=\"ltr\" data-placeholder=\"Translation\" aria-label=\"Translated text\" data-ved=\"2ahUKEwjokJzsi8uGAxWta_UHHeeOAroQ3ewLegQIBRAU\"><span class=\"Y2IQFc\" lang=\"it\"><strong>Limiti di soggiorno:<\/strong> non dovrebbero esserci occupanti in eccesso nella stanza; in caso contrario, potrebbe comportare costi aggiuntivi.<\/span><\/p>\n<\/li>\n<\/ul>\n<h4>Politiche dell&#8217;hotel:<\/h4>\n<ul>\n<li id=\"tw-target-text\" class=\"tw-data-text tw-text-large tw-ta\" dir=\"ltr\" data-placeholder=\"Translation\" aria-label=\"Translated text\" data-ved=\"2ahUKEwjokJzsi8uGAxWta_UHHeeOAroQ3ewLegQIBRAU\"><span class=\"Y2IQFc\" lang=\"it\"><strong>Politica non fumatori:<\/strong> non \u00e8 previsto che fumi e danneggi la nostra propriet\u00e0.<\/span><\/li>\n<li dir=\"ltr\" data-placeholder=\"Translation\" aria-label=\"Translated text\" data-ved=\"2ahUKEwjokJzsi8uGAxWta_UHHeeOAroQ3ewLegQIBRAU\">\n<p class=\"tw-data-text tw-text-large tw-ta\" dir=\"ltr\" data-placeholder=\"Translation\" aria-label=\"Translated text\" data-ved=\"2ahUKEwjokJzsi8uGAxWta_UHHeeOAroQ3ewLegQIBRAU\"><span class=\"Y2IQFc\" lang=\"it\"><strong>Effetti personali:<\/strong> non saremo ritenuti responsabili per oggetti personali smarriti, rubati o danneggiati. Si consiglia agli ospiti di utilizzare la cassaforte in camera per gli oggetti di valore.<\/span><\/p>\n<\/li>\n<\/ul>\n<h4 id=\"tw-target-text\" class=\"tw-data-text tw-text-large tw-ta\" dir=\"ltr\" data-placeholder=\"Translation\" aria-label=\"Translated text\" data-ved=\"2ahUKEwjokJzsi8uGAxWta_UHHeeOAroQ3ewLegQIBRAU\"><span class=\"Y2IQFc\" lang=\"it\">Soluzione della disputa:<\/span><\/h4>\n<ul>\n<li id=\"tw-target-text\" class=\"tw-data-text tw-text-large tw-ta\" dir=\"ltr\" data-placeholder=\"Translation\" aria-label=\"Translated text\" data-ved=\"2ahUKEwjokJzsi8uGAxWta_UHHeeOAroQ3ewLegQIBRAU\"><span class=\"Y2IQFc\" lang=\"it\">Questi termini e condizioni sono regolati dalle leggi della giurisdizione e l&#8217;utente deve aderire a queste politiche.<\/span><\/li>\n<li dir=\"ltr\" data-placeholder=\"Translation\" aria-label=\"Translated text\" data-ved=\"2ahUKEwjokJzsi8uGAxWta_UHHeeOAroQ3ewLegQIBRAU\">\n<p id=\"tw-target-text\" class=\"tw-data-text tw-text-large tw-ta\" dir=\"ltr\" data-placeholder=\"Translation\" aria-label=\"Translated text\" data-ved=\"2ahUKEwjokJzsi8uGAxWta_UHHeeOAroQ3ewLegQIBRAU\"><span class=\"Y2IQFc\" lang=\"it\">Eventuali controversie derivanti dal soggiorno verranno risolte tramite trattativa. Se irrisolti, possono essere risolti nei tribunali locali.<\/span><\/p>\n<\/li>\n<\/ul>\n<h4>Modifica dei Termini:<\/h4>\n<ul>\n<li id=\"tw-target-text\" class=\"tw-data-text tw-text-large tw-ta\" dir=\"ltr\" data-placeholder=\"Translation\" aria-label=\"Translated text\" data-ved=\"2ahUKEwjokJzsi8uGAxWta_UHHeeOAroQ3ewLegQIBRAU\"><span class=\"Y2IQFc\" lang=\"it\">Abbiamo il diritto di modificare questi termini e condizioni in qualsiasi momento senza preavviso. Gli ospiti sono incoraggiati a rivedere regolarmente i termini.<\/span><\/li>\n<\/ul>\n<h4>Accettazione dei termini:<\/h4>\n<ul>\n<li>Confermando una prenotazione e soggiornando al Parco Del Caribe, gli ospiti si impegnano a rispettare questi termini e condizioni.<\/li>\n<\/ul>\n<p class=\"tw-data-text tw-text-large tw-ta\" dir=\"ltr\" data-placeholder=\"Translation\" aria-label=\"Translated text\" data-ved=\"2ahUKEwjokJzsi8uGAxWta_UHHeeOAroQ3ewLegQIBRAU\"><span class=\"Y2IQFc\" lang=\"it\">\u00a0<\/span><\/p>\n<pre id=\"tw-target-text\" class=\"tw-data-text tw-text-large tw-ta\" dir=\"ltr\" data-placeholder=\"Translation\" aria-label=\"Translated text\" data-ved=\"2ahUKEwjokJzsi8uGAxWta_UHHeeOAroQ3ewLegQIBRAU\"><\/pre>\n","protected":false},"excerpt":{"rendered":"<p>Termini e Condizioni Prenotazioni e Check-In: Conferma della prenotazione: la prenotazione sar\u00e0 confermata una volta effettuato il pagamento e prenotata la camera. Orario di check-in: il check-in anticipato \u00e8 soggetto a disponibilit\u00e0, mentre \u00e8 alle 14:00 e potrebbe comportare costi aggiuntivi se arrivi prima dell&#8217;orario. Documento d&#8217;identit\u00e0: \u00e8 necessario che gli ospiti presentino un documento [&hellip;]<\/p>\n","protected":false},"author":1,"featured_media":0,"parent":0,"menu_order":0,"comment_status":"closed","ping_status":"closed","template":"","meta":[],"yoast_head":"<!-- This site is optimized with the Yoast SEO Premium plugin v19.5 (Yoast SEO v19.10) - https:\/\/yoast.com\/wordpress\/plugins\/seo\/ -->\n<title>Termini e Condizioni - Parco del Caribe<\/title>\n<meta name=\"robots\" content=\"index, follow, max-snippet:-1, max-image-preview:large, max-video-preview:-1\" \/>\n<link rel=\"canonical\" href=\"https:\/\/parcodelcariberd.com\/it\/terms-and-conditions\/\" \/>\n<meta property=\"og:locale\" content=\"it_IT\" \/>\n<meta property=\"og:type\" content=\"article\" \/>\n<meta property=\"og:title\" content=\"Termini e Condizioni\" \/>\n<meta property=\"og:description\" content=\"Termini e Condizioni Prenotazioni e Check-In: Conferma della prenotazione: la prenotazione sar\u00e0 confermata una volta effettuato il pagamento e prenotata la camera. Orario di check-in: il check-in anticipato \u00e8 soggetto a disponibilit\u00e0, mentre \u00e8 alle 14:00 e potrebbe comportare costi aggiuntivi se arrivi prima dell&#8217;orario. Documento d&#8217;identit\u00e0: \u00e8 necessario che gli ospiti presentino un documento [&hellip;]\" \/>\n<meta property=\"og:url\" content=\"https:\/\/parcodelcariberd.com\/it\/terms-and-conditions\/\" \/>\n<meta property=\"og:site_name\" content=\"Parco del Caribe\" \/>\n<meta property=\"article:modified_time\" content=\"2024-06-08T05:21:10+00:00\" \/>\n<meta name=\"twitter:card\" content=\"summary_large_image\" \/>\n<meta name=\"twitter:label1\" content=\"Tempo di lettura stimato\" \/>\n\t<meta name=\"twitter:data1\" content=\"2 minuti\" \/>\n<script type=\"application\/ld+json\" class=\"yoast-schema-graph\">{\"@context\":\"https:\/\/schema.org\",\"@graph\":[{\"@type\":\"WebPage\",\"@id\":\"https:\/\/parcodelcariberd.com\/it\/terms-and-conditions\/\",\"url\":\"https:\/\/parcodelcariberd.com\/it\/terms-and-conditions\/\",\"name\":\"Termini e Condizioni - Parco del Caribe\",\"isPartOf\":{\"@id\":\"https:\/\/parcodelcariberd.com\/it\/#website\"},\"datePublished\":\"2024-05-23T15:17:12+00:00\",\"dateModified\":\"2024-06-08T05:21:10+00:00\",\"breadcrumb\":{\"@id\":\"https:\/\/parcodelcariberd.com\/it\/terms-and-conditions\/#breadcrumb\"},\"inLanguage\":\"it-IT\",\"potentialAction\":[{\"@type\":\"ReadAction\",\"target\":[\"https:\/\/parcodelcariberd.com\/it\/terms-and-conditions\/\"]}]},{\"@type\":\"BreadcrumbList\",\"@id\":\"https:\/\/parcodelcariberd.com\/it\/terms-and-conditions\/#breadcrumb\",\"itemListElement\":[{\"@type\":\"ListItem\",\"position\":1,\"name\":\"Home\",\"item\":\"https:\/\/parcodelcariberd.com\/it\/\"},{\"@type\":\"ListItem\",\"position\":2,\"name\":\"Termini e Condizioni\"}]},{\"@type\":\"WebSite\",\"@id\":\"https:\/\/parcodelcariberd.com\/it\/#website\",\"url\":\"https:\/\/parcodelcariberd.com\/it\/\",\"name\":\"Parco del Caribe\",\"description\":\"Alquiler de Apartamentos en Boca Chica\",\"potentialAction\":[{\"@type\":\"SearchAction\",\"target\":{\"@type\":\"EntryPoint\",\"urlTemplate\":\"https:\/\/parcodelcariberd.com\/it\/?s={search_term_string}\"},\"query-input\":\"required name=search_term_string\"}],\"inLanguage\":\"it-IT\"}]}<\/script>\n<!-- \/ Yoast SEO Premium plugin. -->","yoast_head_json":{"title":"Termini e Condizioni - Parco del Caribe","robots":{"index":"index","follow":"follow","max-snippet":"max-snippet:-1","max-image-preview":"max-image-preview:large","max-video-preview":"max-video-preview:-1"},"canonical":"https:\/\/parcodelcariberd.com\/it\/terms-and-conditions\/","og_locale":"it_IT","og_type":"article","og_title":"Termini e Condizioni","og_description":"Termini e Condizioni Prenotazioni e Check-In: Conferma della prenotazione: la prenotazione sar\u00e0 confermata una volta effettuato il pagamento e prenotata la camera. Orario di check-in: il check-in anticipato \u00e8 soggetto a disponibilit\u00e0, mentre \u00e8 alle 14:00 e potrebbe comportare costi aggiuntivi se arrivi prima dell&#8217;orario. Documento d&#8217;identit\u00e0: \u00e8 necessario che gli ospiti presentino un documento [&hellip;]","og_url":"https:\/\/parcodelcariberd.com\/it\/terms-and-conditions\/","og_site_name":"Parco del Caribe","article_modified_time":"2024-06-08T05:21:10+00:00","twitter_card":"summary_large_image","twitter_misc":{"Tempo di lettura stimato":"2 minuti"},"schema":{"@context":"https:\/\/schema.org","@graph":[{"@type":"WebPage","@id":"https:\/\/parcodelcariberd.com\/it\/terms-and-conditions\/","url":"https:\/\/parcodelcariberd.com\/it\/terms-and-conditions\/","name":"Termini e Condizioni - Parco del Caribe","isPartOf":{"@id":"https:\/\/parcodelcariberd.com\/it\/#website"},"datePublished":"2024-05-23T15:17:12+00:00","dateModified":"2024-06-08T05:21:10+00:00","breadcrumb":{"@id":"https:\/\/parcodelcariberd.com\/it\/terms-and-conditions\/#breadcrumb"},"inLanguage":"it-IT","potentialAction":[{"@type":"ReadAction","target":["https:\/\/parcodelcariberd.com\/it\/terms-and-conditions\/"]}]},{"@type":"BreadcrumbList","@id":"https:\/\/parcodelcariberd.com\/it\/terms-and-conditions\/#breadcrumb","itemListElement":[{"@type":"ListItem","position":1,"name":"Home","item":"https:\/\/parcodelcariberd.com\/it\/"},{"@type":"ListItem","position":2,"name":"Termini e Condizioni"}]},{"@type":"WebSite","@id":"https:\/\/parcodelcariberd.com\/it\/#website","url":"https:\/\/parcodelcariberd.com\/it\/","name":"Parco del Caribe","description":"Alquiler de Apartamentos en Boca Chica","potentialAction":[{"@type":"SearchAction","target":{"@type":"EntryPoint","urlTemplate":"https:\/\/parcodelcariberd.com\/it\/?s={search_term_string}"},"query-input":"required name=search_term_string"}],"inLanguage":"it-IT"}]}},"_links":{"self":[{"href":"https:\/\/parcodelcariberd.com\/it\/wp-json\/wp\/v2\/pages\/5315"}],"collection":[{"href":"https:\/\/parcodelcariberd.com\/it\/wp-json\/wp\/v2\/pages"}],"about":[{"href":"https:\/\/parcodelcariberd.com\/it\/wp-json\/wp\/v2\/types\/page"}],"author":[{"embeddable":true,"href":"https:\/\/parcodelcariberd.com\/it\/wp-json\/wp\/v2\/users\/1"}],"replies":[{"embeddable":true,"href":"https:\/\/parcodelcariberd.com\/it\/wp-json\/wp\/v2\/comments?post=5315"}],"version-history":[{"count":3,"href":"https:\/\/parcodelcariberd.com\/it\/wp-json\/wp\/v2\/pages\/5315\/revisions"}],"predecessor-version":[{"id":5348,"href":"https:\/\/parcodelcariberd.com\/it\/wp-json\/wp\/v2\/pages\/5315\/revisions\/5348"}],"wp:attachment":[{"href":"https:\/\/parcodelcariberd.com\/it\/wp-json\/wp\/v2\/media?parent=5315"}],"curies":[{"name":"wp","href":"https:\/\/api.w.org\/{rel}","templated":true}]}}