{"id":4503,"date":"2018-05-02T01:12:35","date_gmt":"2018-05-02T01:12:35","guid":{"rendered":"https:\/\/parcodelcariberd.com\/terminos-y-condiciones\/"},"modified":"2020-05-27T12:41:53","modified_gmt":"2020-05-27T12:41:53","slug":"terminos-y-condiciones","status":"publish","type":"page","link":"https:\/\/parcodelcariberd.com\/it\/terminos-y-condiciones\/","title":{"rendered":"Termini e Condizioni"},"content":{"rendered":"<p><strong>INFORMAZIONI RILEVANTI<\/strong><\/p>\n<p>\u00c8 un requisito necessario per l&#8217;acquisto dei prodotti offerti su questo sito di leggere e accettare i seguenti Termini e Condizioni che sono scritti di seguito. L&#8217;uso dei nostri servizi e l&#8217;acquisto dei nostri prodotti implicheranno che tu abbia letto e accettato i Termini e le Condizioni d&#8217;uso in questo documento. Tutti i prodotti offerti dal nostro sito Web potrebbero essere creati, addebitati, inviati o presentati da un sito Web di terze parti e in questo caso sarebbero soggetti ai propri Termini e condizioni. In alcuni casi, per acquistare un prodotto, sar\u00e0 necessario registrarsi da parte dell&#8217;utente, con l&#8217;inserimento di dati personali affidabili e la definizione di una password.<\/p>\n<p>L&#8217;utente pu\u00f2 scegliere e modificare la password per l&#8217;accesso all&#8217;amministrazione del proprio account in qualsiasi momento, nel caso in cui si sia registrato ed \u00e8 necessario per l&#8217;acquisto di uno qualsiasi dei nostri prodotti. www.parcodelcariberd.com non si assume alcuna responsabilit\u00e0 nel caso in cui tu fornisca detta chiave a terzi.<\/p>\n<p>Tutti gli acquisti e le transazioni effettuati attraverso questo sito Web sono soggetti a un processo di conferma e verifica, che potrebbe includere la verifica dello stock e la disponibilit\u00e0 del prodotto, la convalida del metodo di pagamento, la convalida del fattura (se presente) e rispetto delle condizioni richieste dal metodo di pagamento selezionato. In alcuni casi, potrebbe essere richiesta la verifica tramite e-mail.<\/p>\n<p>I prezzi dei prodotti offerti in questo negozio online sono validi solo per gli acquisti effettuati su questo sito Web.<\/p>\n<p><strong>LICENZA<\/strong><\/p>\n<p>Parco del Caribe attraverso il suo sito Web concede una licenza per gli utenti di utilizzare i prodotti venduti su questo sito Web in conformit\u00e0 con i Termini e condizioni descritti in questo documento.<\/p>\n<p><strong>USO NON AUTORIZZATO<\/strong><\/p>\n<p>Se applicabile (per la vendita di software, modelli o altri prodotti di progettazione e programmazione), l&#8217;utente non pu\u00f2 collocare uno dei nostri prodotti, modificato o non modificato, su un CD, un sito Web o qualsiasi altro mezzo e offrirli per la ridistribuzione. o rivendita di qualsiasi tipo.<\/p>\n<p><strong>PROPRIET\u00c0<\/strong><\/p>\n<p>Non \u00e8 possibile dichiarare la propriet\u00e0 intellettuale o esclusiva di nessuno dei nostri prodotti, modificati o non modificati. Tutti i prodotti sono di propriet\u00e0 dei fornitori di contenuti. Salvo quanto diversamente specificato, i nostri prodotti sono forniti senza garanzia di alcun tipo, espressa o implicita. Questa societ\u00e0 non sar\u00e0 in alcun modo responsabile per eventuali danni inclusi, ma non limitati a, danni diretti, indiretti, speciali, incidentali o consequenziali o altre perdite derivanti dall&#8217;uso o dall&#8217;impossibilit\u00e0 di utilizzare i nostri prodotti.<\/p>\n<p><strong>POLITICA DI RIMBORSO E GARANZIA<\/strong><\/p>\n<p>Per i prodotti irrevocabili non tangibili, non emettiamo rimborsi dopo che il prodotto \u00e8 stato spedito, l&#8217;utente ha la responsabilit\u00e0 di comprendere prima dell&#8217;acquisto. Vi chiediamo di leggere attentamente prima dell&#8217;acquisto. Facciamo eccezioni a questa regola solo quando la descrizione non si adatta al prodotto. Ci sono alcuni prodotti che possono avere una garanzia e una possibilit\u00e0 di rimborso, ma questo sar\u00e0 specificato al momento dell&#8217;acquisto del prodotto. In tali casi la garanzia coprir\u00e0 solo guasti di fabbrica e diventer\u00e0 effettiva solo se il prodotto \u00e8 stato usato correttamente. La garanzia non copre guasti o danni causati da un uso improprio. I termini della garanzia sono associati a guasti nella produzione e al normale funzionamento dei prodotti e questi termini saranno efficaci solo se l&#8217;apparecchiatura \u00e8 stata utilizzata correttamente. Ci\u00f2 comprende:<\/p>\n<p>&#8211; Secondo le specifiche tecniche indicate per ciascun prodotto.<br \/>\n&#8211; In condizioni ambientali secondo le specifiche indicate dal produttore.<br \/>\n&#8211; In uso specifico per la funzione con cui \u00e8 stato progettato in fabbrica.<br \/>\n&#8211; In condizioni di funzionamento elettrico secondo le specifiche e le tolleranze indicate.<\/p>\n<p><strong>CONTROLLO ANTIFRODE<\/strong><\/p>\n<p>L&#8217;acquisto del cliente pu\u00f2 essere differito per la verifica antifrode. Pu\u00f2 anche essere sospeso per un periodo pi\u00f9 lungo per un&#8217;indagine pi\u00f9 rigorosa, al fine di evitare transazioni fraudolente.<\/p>\n<p><strong>PRIVACY<\/strong><\/p>\n<p>Questo sito Web www.parcodelcariberd.com garantisce che le informazioni personali inviate abbiano la sicurezza necessaria. I dati inseriti dall&#8217;utente o nel caso in cui si richieda una convalida degli ordini non saranno consegnati a terzi, a meno che non debbano essere divulgati in conformit\u00e0 con un ordine del tribunale o requisiti legali.<\/p>\n<p>L&#8217;iscrizione alle newsletter e-mail pubblicitarie \u00e8 facoltativa e pu\u00f2 essere selezionata durante la creazione dell&#8217;account.<\/p>\n<p><strong>Parco del Caribe<\/strong> si riserva il diritto di cambiare o modificare questi termini senza preavviso.<\/p>\n","protected":false},"excerpt":{"rendered":"<p>INFORMAZIONI RILEVANTI \u00c8 un requisito necessario per l&#8217;acquisto dei prodotti offerti su questo sito di leggere e accettare i seguenti Termini e Condizioni che sono scritti di seguito. L&#8217;uso dei nostri servizi e l&#8217;acquisto dei nostri prodotti implicheranno che tu abbia letto e accettato i Termini e le Condizioni d&#8217;uso in questo documento. Tutti i [&hellip;]<\/p>\n","protected":false},"author":1,"featured_media":0,"parent":0,"menu_order":0,"comment_status":"closed","ping_status":"closed","template":"","meta":[],"yoast_head":"<!-- This site is optimized with the Yoast SEO Premium plugin v19.5 (Yoast SEO v19.10) - https:\/\/yoast.com\/wordpress\/plugins\/seo\/ -->\n<title>Termini e Condizioni - Parco del Caribe<\/title>\n<meta name=\"robots\" content=\"index, follow, max-snippet:-1, max-image-preview:large, max-video-preview:-1\" \/>\n<link rel=\"canonical\" href=\"https:\/\/parcodelcariberd.com\/it\/terminos-y-condiciones\/\" \/>\n<meta property=\"og:locale\" content=\"it_IT\" \/>\n<meta property=\"og:type\" content=\"article\" \/>\n<meta property=\"og:title\" content=\"Termini e Condizioni\" \/>\n<meta property=\"og:description\" content=\"INFORMAZIONI RILEVANTI \u00c8 un requisito necessario per l&#8217;acquisto dei prodotti offerti su questo sito di leggere e accettare i seguenti Termini e Condizioni che sono scritti di seguito. L&#8217;uso dei nostri servizi e l&#8217;acquisto dei nostri prodotti implicheranno che tu abbia letto e accettato i Termini e le Condizioni d&#8217;uso in questo documento. Tutti i [&hellip;]\" \/>\n<meta property=\"og:url\" content=\"https:\/\/parcodelcariberd.com\/it\/terminos-y-condiciones\/\" \/>\n<meta property=\"og:site_name\" content=\"Parco del Caribe\" \/>\n<meta property=\"article:modified_time\" content=\"2020-05-27T12:41:53+00:00\" \/>\n<meta name=\"twitter:card\" content=\"summary_large_image\" \/>\n<meta name=\"twitter:label1\" content=\"Tempo di lettura stimato\" \/>\n\t<meta name=\"twitter:data1\" content=\"4 minuti\" \/>\n<script type=\"application\/ld+json\" class=\"yoast-schema-graph\">{\"@context\":\"https:\/\/schema.org\",\"@graph\":[{\"@type\":\"WebPage\",\"@id\":\"https:\/\/parcodelcariberd.com\/it\/terminos-y-condiciones\/\",\"url\":\"https:\/\/parcodelcariberd.com\/it\/terminos-y-condiciones\/\",\"name\":\"Termini e Condizioni - Parco del Caribe\",\"isPartOf\":{\"@id\":\"https:\/\/parcodelcariberd.com\/it\/#website\"},\"datePublished\":\"2018-05-02T01:12:35+00:00\",\"dateModified\":\"2020-05-27T12:41:53+00:00\",\"breadcrumb\":{\"@id\":\"https:\/\/parcodelcariberd.com\/it\/terminos-y-condiciones\/#breadcrumb\"},\"inLanguage\":\"it-IT\",\"potentialAction\":[{\"@type\":\"ReadAction\",\"target\":[\"https:\/\/parcodelcariberd.com\/it\/terminos-y-condiciones\/\"]}]},{\"@type\":\"BreadcrumbList\",\"@id\":\"https:\/\/parcodelcariberd.com\/it\/terminos-y-condiciones\/#breadcrumb\",\"itemListElement\":[{\"@type\":\"ListItem\",\"position\":1,\"name\":\"Home\",\"item\":\"https:\/\/parcodelcariberd.com\/it\/\"},{\"@type\":\"ListItem\",\"position\":2,\"name\":\"Termini e Condizioni\"}]},{\"@type\":\"WebSite\",\"@id\":\"https:\/\/parcodelcariberd.com\/it\/#website\",\"url\":\"https:\/\/parcodelcariberd.com\/it\/\",\"name\":\"Parco del Caribe\",\"description\":\"Alquiler de Apartamentos en Boca Chica\",\"potentialAction\":[{\"@type\":\"SearchAction\",\"target\":{\"@type\":\"EntryPoint\",\"urlTemplate\":\"https:\/\/parcodelcariberd.com\/it\/?s={search_term_string}\"},\"query-input\":\"required name=search_term_string\"}],\"inLanguage\":\"it-IT\"}]}<\/script>\n<!-- \/ Yoast SEO Premium plugin. -->","yoast_head_json":{"title":"Termini e Condizioni - Parco del Caribe","robots":{"index":"index","follow":"follow","max-snippet":"max-snippet:-1","max-image-preview":"max-image-preview:large","max-video-preview":"max-video-preview:-1"},"canonical":"https:\/\/parcodelcariberd.com\/it\/terminos-y-condiciones\/","og_locale":"it_IT","og_type":"article","og_title":"Termini e Condizioni","og_description":"INFORMAZIONI RILEVANTI \u00c8 un requisito necessario per l&#8217;acquisto dei prodotti offerti su questo sito di leggere e accettare i seguenti Termini e Condizioni che sono scritti di seguito. L&#8217;uso dei nostri servizi e l&#8217;acquisto dei nostri prodotti implicheranno che tu abbia letto e accettato i Termini e le Condizioni d&#8217;uso in questo documento. Tutti i [&hellip;]","og_url":"https:\/\/parcodelcariberd.com\/it\/terminos-y-condiciones\/","og_site_name":"Parco del Caribe","article_modified_time":"2020-05-27T12:41:53+00:00","twitter_card":"summary_large_image","twitter_misc":{"Tempo di lettura stimato":"4 minuti"},"schema":{"@context":"https:\/\/schema.org","@graph":[{"@type":"WebPage","@id":"https:\/\/parcodelcariberd.com\/it\/terminos-y-condiciones\/","url":"https:\/\/parcodelcariberd.com\/it\/terminos-y-condiciones\/","name":"Termini e Condizioni - Parco del Caribe","isPartOf":{"@id":"https:\/\/parcodelcariberd.com\/it\/#website"},"datePublished":"2018-05-02T01:12:35+00:00","dateModified":"2020-05-27T12:41:53+00:00","breadcrumb":{"@id":"https:\/\/parcodelcariberd.com\/it\/terminos-y-condiciones\/#breadcrumb"},"inLanguage":"it-IT","potentialAction":[{"@type":"ReadAction","target":["https:\/\/parcodelcariberd.com\/it\/terminos-y-condiciones\/"]}]},{"@type":"BreadcrumbList","@id":"https:\/\/parcodelcariberd.com\/it\/terminos-y-condiciones\/#breadcrumb","itemListElement":[{"@type":"ListItem","position":1,"name":"Home","item":"https:\/\/parcodelcariberd.com\/it\/"},{"@type":"ListItem","position":2,"name":"Termini e Condizioni"}]},{"@type":"WebSite","@id":"https:\/\/parcodelcariberd.com\/it\/#website","url":"https:\/\/parcodelcariberd.com\/it\/","name":"Parco del Caribe","description":"Alquiler de Apartamentos en Boca Chica","potentialAction":[{"@type":"SearchAction","target":{"@type":"EntryPoint","urlTemplate":"https:\/\/parcodelcariberd.com\/it\/?s={search_term_string}"},"query-input":"required name=search_term_string"}],"inLanguage":"it-IT"}]}},"_links":{"self":[{"href":"https:\/\/parcodelcariberd.com\/it\/wp-json\/wp\/v2\/pages\/4503"}],"collection":[{"href":"https:\/\/parcodelcariberd.com\/it\/wp-json\/wp\/v2\/pages"}],"about":[{"href":"https:\/\/parcodelcariberd.com\/it\/wp-json\/wp\/v2\/types\/page"}],"author":[{"embeddable":true,"href":"https:\/\/parcodelcariberd.com\/it\/wp-json\/wp\/v2\/users\/1"}],"replies":[{"embeddable":true,"href":"https:\/\/parcodelcariberd.com\/it\/wp-json\/wp\/v2\/comments?post=4503"}],"version-history":[{"count":2,"href":"https:\/\/parcodelcariberd.com\/it\/wp-json\/wp\/v2\/pages\/4503\/revisions"}],"predecessor-version":[{"id":4506,"href":"https:\/\/parcodelcariberd.com\/it\/wp-json\/wp\/v2\/pages\/4503\/revisions\/4506"}],"wp:attachment":[{"href":"https:\/\/parcodelcariberd.com\/it\/wp-json\/wp\/v2\/media?parent=4503"}],"curies":[{"name":"wp","href":"https:\/\/api.w.org\/{rel}","templated":true}]}}