{"id":4356,"date":"2018-05-17T21:51:35","date_gmt":"2018-05-17T21:51:35","guid":{"rendered":"https:\/\/parcodelcariberd.com\/politica-de-privacidad\/"},"modified":"2024-01-07T06:09:33","modified_gmt":"2024-01-07T06:09:33","slug":"politica-sulla-riservatezza","status":"publish","type":"page","link":"https:\/\/parcodelcariberd.com\/it\/politica-sulla-riservatezza\/","title":{"rendered":"Politica Sulla Riservatezza"},"content":{"rendered":"<header>\n<h2><span style=\"font-size: 24pt;\">Politica sui cookie<\/span><\/h2>\n<p>Su questo sito Web vengono utilizzati cookie di terze parti e propri per garantire un&#8217;esperienza di navigazione migliore, condividere i contenuti sui social network e ottenere statistiche sugli utenti.<\/p>\n<p>Puoi impedire che i cookie vengano scaricati tramite le impostazioni del tuo browser, impedendo che i cookie vengano memorizzati sul tuo dispositivo.<\/p>\n<p>Come proprietario di questo sito Web, ti informo che non utilizziamo alcuna informazione personale dai cookie, effettuiamo solo statistiche generali sulle visite che non comportano alcuna informazione personale.<\/p>\n<p>\u00c8 molto importante leggere questa politica sui cookie e comprendere che, se continui a navigare, considereremo che accetti il \u200b\u200bloro uso.<\/p>\n<p>Secondo i termini inclusi nell&#8217;articolo 22.2 della legge 34\/2002 sui servizi della societ\u00e0 dell&#8217;informazione e del commercio elettronico, se continui a navigare, presterai il tuo consenso all&#8217;uso di tali meccanismi.<\/p>\n<p>Entit\u00e0 responsabile<\/p>\n<p>L&#8217;entit\u00e0 responsabile della raccolta, elaborazione e utilizzo dei dati personali, nel senso stabilito dalla Legge sulla protezione dei dati personali, \u00e8 la pagina https:\/\/www.parcodelcariberd.com\/, di propriet\u00e0 del Parco del Caribe &#8211; Calle San Rafael # 18, Boca Chica, 15700 Boca Chica, Repubblica Dominicana.<\/p>\n<\/header>\n<div class=\"\">\n<div class=\"\">\n<h4>Cosa sono i cookie<\/h4>\n<p>I cookie sono un insieme di dati che un server deposita nel browser dell&#8217;utente per raccogliere informazioni di registrazione Internet standard e informazioni sul comportamento dei visitatori su un sito Web. In altre parole, sono piccoli file di testo che vengono memorizzati sul disco rigido del computer e servono a identificare l&#8217;utente quando si connettono nuovamente al sito Web. Il suo obiettivo \u00e8 registrare la visita dell&#8217;utente e salvare determinate informazioni. Il suo utilizzo \u00e8 comune e frequente sul Web in quanto consente alle pagine di funzionare in modo pi\u00f9 efficiente e di ottenere una maggiore personalizzazione e analisi del comportamento degli utenti.<\/p>\n<h4>Quali tipi di cookie ci sono?<\/h4>\n<p>I cookie utilizzati sul nostro sito Web sono cookie di sessione e di terze parti e ci consentono di archiviare e accedere alle informazioni relative alla lingua, al tipo di browser utilizzato e ad altre caratteristiche generali predefinite dall&#8217;utente, nonch\u00e9 a seguire e analizzare l&#8217;attivit\u00e0 effettuato, al fine di apportare miglioramenti e fornire i nostri servizi in modo pi\u00f9 efficiente e personalizzato.<\/p>\n<p>I cookie, a seconda della loro permanenza, possono essere suddivisi in cookie di sessione o permanenti. Quelli che scadono quando l&#8217;utente chiude il browser. Quelli che scadono a seconda del raggiungimento dell&#8217;obiettivo per cui servono (ad esempio, in modo che l&#8217;utente rimanga identificato nei servizi del Parco del Caribe) o quando vengono eliminati manualmente.<\/p>\n<table border=\"0\" width=\"100%\" cellpadding=\"15\">\n<tbody>\n<tr>\n<td>Nome<\/td>\n<td>Tipi<\/td>\n<td>Scadenza<\/td>\n<td>Scopo<\/td>\n<td>Classe<\/td>\n<\/tr>\n<tr>\n<td>__utma<\/td>\n<td>Terze parti (Google Analytics)<\/td>\n<td>2 anni<\/td>\n<td>\u00c8 usato per distinguere utenti e sessioni.<\/td>\n<td>Non esente<\/td>\n<\/tr>\n<tr>\n<td>__utmb<\/td>\n<td>Terze parti (Google Analytics)<\/td>\n<td>30 minuti<\/td>\n<td>Utilizzato per determinare nuove sessioni o visite<\/td>\n<td>Non esente<\/td>\n<\/tr>\n<tr>\n<td>__utmc<\/td>\n<td>Terze parti (Google Analytics)<\/td>\n<td>Alla fine della sessione<\/td>\n<td>\u00c8 configurato per l&#8217;uso con Urchin<\/td>\n<td>Non esente<\/td>\n<\/tr>\n<tr>\n<td>__utmz<\/td>\n<td>Terze parti (Google Analytics)<\/td>\n<td>6 mesi<\/td>\n<td>Memorizza l&#8217;origine o la campagna che spiega come l&#8217;utente \u00e8 arrivato al sito Web<\/td>\n<td>Non esente<\/td>\n<\/tr>\n<\/tbody>\n<\/table>\n<p class=\"ng-binding\">Inoltre, a seconda del loro scopo, i cookie possono essere classificati come segue:<\/p>\n<h4>Cookie prestazionali<\/h4>\n<p>Questo tipo di cookie ricorda le tue preferenze per gli strumenti presenti nei servizi, quindi non \u00e8 necessario riconfigurare il servizio ogni volta che visiti. Ad esempio, questa tipologia comprende: regolazioni del volume di lettori video o audio. Le velocit\u00e0 di trasmissione video compatibili con il tuo browser. Oggetti memorizzati nel &#8220;carrello&#8221; nei servizi di e-commerce come i negozi.<\/p>\n<h4>Cookie di geolocalizzazione<\/h4>\n<p>Questi cookie vengono utilizzati per scoprire in quale paese ci si trova quando si richiede un servizio. Questo cookie \u00e8 completamente anonimo e viene utilizzato solo per aiutare a indirizzare i contenuti nella tua posizione.<\/p>\n<h4><strong>Cookie di registrazione<\/strong><\/h4>\n<p>I cookie di registrazione vengono generati una volta che l&#8217;utente ha registrato o successivamente aperto la sua sessione e vengono utilizzati per identificarlo nei servizi con i seguenti obiettivi:<\/p>\n<p>Mantenere l&#8217;utente identificato in modo tale che, se chiudono un servizio, il browser o il computer e in un altro momento o in un altro giorno entrano nuovamente nel servizio, continueranno a essere identificati, facilitando cos\u00ec la loro navigazione senza dover identificarsi nuovamente. Questa funzionalit\u00e0 pu\u00f2 essere soppressa se l&#8217;utente fa clic sulla funzionalit\u00e0 [chiudi sessione], quindi questo cookie viene eliminato e la prossima volta che l&#8217;utente accede al servizio, dovr\u00e0 accedere per essere identificato.<\/p>\n<p>Verifica se l&#8217;utente \u00e8 autorizzato ad accedere a determinati servizi, ad esempio per partecipare a un concorso.<\/p>\n<p>Inoltre, alcuni servizi potrebbero utilizzare connettori con social network come Facebook o Twitter. Quando l&#8217;utente si registra con un servizio con credenziali da un social network, autorizza il social network a salvare un cookie persistente che ricorda la propria identit\u00e0 e garantisce l&#8217;accesso ai servizi fino alla scadenza. L&#8217;utente pu\u00f2 eliminare questo cookie e revocare l&#8217;accesso ai servizi attraverso i social network aggiornando le proprie preferenze nello specifico social network.<\/p>\n<p>&nbsp;<\/p>\n<h4>Cookie analitici<\/h4>\n<p>Ogni volta che un utente visita un servizio, uno strumento di un fornitore esterno genera un cookie analitico sul computer dell&#8217;utente. Questo cookie, che viene generato solo durante la visita, servir\u00e0 in future visite ai servizi del Parco del Caribe per identificare il visitatore in modo anonimo. I principali obiettivi perseguiti sono:<\/p>\n<p>Consentire l&#8217;identificazione anonima degli utenti che navigano attraverso il cookie (identifica browser e dispositivi, non persone) e quindi la contabilit\u00e0 approssimativa del numero di visitatori e della loro tendenza nel tempo.<br \/>\nIdentifica in modo anonimo i contenuti pi\u00f9 visitati e quindi pi\u00f9 interessanti per gli utenti. Scopri se l&#8217;utente che accede \u00e8 nuovo o ripete la visita.<\/p>\n<p>Importante: a meno che l&#8217;utente non decida di registrarsi per un servizio Parco del Caribe, il cookie non sar\u00e0 mai associato a dati personali in grado di identificarlo. Questi cookie verranno utilizzati solo a fini statistici che aiutano a ottimizzare l&#8217;esperienza dell&#8217;utente sul sito.<\/p>\n<h4>Cookie pubblicitari<\/h4>\n<p>Questi tipi di cookie consentono di espandere le informazioni degli annunci visualizzati a ciascun utente anonimo nei servizi di Parco del Caribe. Tra gli altri, la durata o la frequenza di visualizzazione delle posizioni pubblicitarie, l&#8217;interazione con esse, i modelli di navigazione e \/ o i comportamenti degli utenti vengono memorizzati poich\u00e9 aiutano a modellare un profilo di interesse pubblicitario. In questo modo, consentono la pubblicit\u00e0 relativa agli interessi dell&#8217;utente.<\/p>\n<h4>Cookie pubblicitari di terze parti<\/h4>\n<p>Oltre alla pubblicit\u00e0 gestita dai siti Web del Parco del Caribe nei suoi servizi, i siti Web del Parco del Caribe offrono ai loro inserzionisti la possibilit\u00e0 di pubblicare annunci pubblicitari tramite terze parti (&#8220;Ad-Server&#8221;). In questo modo, queste terze parti possono archiviare i cookie inviati dai servizi del Parco del Caribe dai browser degli utenti, nonch\u00e9 accedere ai dati ivi memorizzati.<\/p>\n<p>Le aziende che generano questi cookie hanno le loro politiche sulla privacy. Attualmente, i siti Web del Parco del Caribe utilizzano la piattaforma Doubleclick (Google) per gestire questi servizi. Per ulteriori informazioni, visitare<\/p>\n<p><a href=\"http:\/\/www.google.es\/policies\/privacy\/ads\/#toc-doubleclick\">http:\/\/www.google.es\/policies\/privacy\/ads\/#toc-doubleclick<\/a>\u00a0y a\u00a0<a href=\"http:\/\/www.google.es\/policies\/privacy\/ads\/\">http:\/\/www.google.es\/policies\/privacy\/ads\/<\/a>.<\/p>\n<h4>Come posso disabilitare i cookie nel mio browser?<\/h4>\n<p>Browser diversi possono essere configurati per avvisare l&#8217;utente della ricezione di cookie e, se lo si desidera, impedire la loro installazione sul computer. Allo stesso modo, l&#8217;utente pu\u00f2 rivedere nel proprio browser quali cookie ha installato e qual \u00e8 il suo periodo di scadenza, essendo in grado di eliminarli.<\/p>\n<p>Per espandere queste informazioni consultare le istruzioni e i manuali del browser:<\/p>\n<p>Para m\u00e1s informaci\u00f3n sobre la administraci\u00f3n de las cookies en Google Chrome:\u00a0<a href=\"https:\/\/support.google.com\/chrome\/answer\/95647?hl=es\">https:\/\/support.google.com\/chrome\/answer\/95647?hl=es<\/a><\/p>\n<h4>Aggiornamenti e modifiche alla politica sulla privacy \/ cookie<\/h4>\n<p>I siti Web di Parco del Caribe possono modificare la presente Politica sui cookie in base a requisiti legislativi e regolamentari o al fine di adattare tale politica alle istruzioni emesse dall&#8217;Agenzia spagnola per la protezione dei dati, pertanto si consiglia agli utenti di visitare regolarmente.<\/p>\n<p>In caso di cambiamenti significativi nella presente Politica sui cookie, questi verranno comunicati agli utenti tramite il Web o via e-mail agli utenti registrati.<\/p>\n<\/div>\n<\/div>\n","protected":false},"excerpt":{"rendered":"<p>Politica sui cookie Su questo sito Web vengono utilizzati cookie di terze parti e propri per garantire un&#8217;esperienza di navigazione migliore, condividere i contenuti sui social network e ottenere statistiche sugli utenti. Puoi impedire che i cookie vengano scaricati tramite le impostazioni del tuo browser, impedendo che i cookie vengano memorizzati sul tuo dispositivo. Come [&hellip;]<\/p>\n","protected":false},"author":1,"featured_media":0,"parent":0,"menu_order":0,"comment_status":"closed","ping_status":"closed","template":"","meta":[],"yoast_head":"<!-- This site is optimized with the Yoast SEO Premium plugin v19.5 (Yoast SEO v19.10) - https:\/\/yoast.com\/wordpress\/plugins\/seo\/ -->\n<title>Politica Sulla Riservatezza - Parco del Caribe<\/title>\n<meta name=\"robots\" content=\"index, follow, max-snippet:-1, max-image-preview:large, max-video-preview:-1\" \/>\n<link rel=\"canonical\" href=\"https:\/\/parcodelcariberd.com\/it\/politica-sulla-riservatezza\/\" \/>\n<meta property=\"og:locale\" content=\"it_IT\" \/>\n<meta property=\"og:type\" content=\"article\" \/>\n<meta property=\"og:title\" content=\"Politica Sulla Riservatezza\" \/>\n<meta property=\"og:description\" content=\"Politica sui cookie Su questo sito Web vengono utilizzati cookie di terze parti e propri per garantire un&#8217;esperienza di navigazione migliore, condividere i contenuti sui social network e ottenere statistiche sugli utenti. Puoi impedire che i cookie vengano scaricati tramite le impostazioni del tuo browser, impedendo che i cookie vengano memorizzati sul tuo dispositivo. Come [&hellip;]\" \/>\n<meta property=\"og:url\" content=\"https:\/\/parcodelcariberd.com\/it\/politica-sulla-riservatezza\/\" \/>\n<meta property=\"og:site_name\" content=\"Parco del Caribe\" \/>\n<meta property=\"article:modified_time\" content=\"2024-01-07T06:09:33+00:00\" \/>\n<meta name=\"twitter:card\" content=\"summary_large_image\" \/>\n<meta name=\"twitter:label1\" content=\"Tempo di lettura stimato\" \/>\n\t<meta name=\"twitter:data1\" content=\"6 minuti\" \/>\n<script type=\"application\/ld+json\" class=\"yoast-schema-graph\">{\"@context\":\"https:\/\/schema.org\",\"@graph\":[{\"@type\":\"WebPage\",\"@id\":\"https:\/\/parcodelcariberd.com\/it\/politica-sulla-riservatezza\/\",\"url\":\"https:\/\/parcodelcariberd.com\/it\/politica-sulla-riservatezza\/\",\"name\":\"Politica Sulla Riservatezza - Parco del Caribe\",\"isPartOf\":{\"@id\":\"https:\/\/parcodelcariberd.com\/it\/#website\"},\"datePublished\":\"2018-05-17T21:51:35+00:00\",\"dateModified\":\"2024-01-07T06:09:33+00:00\",\"breadcrumb\":{\"@id\":\"https:\/\/parcodelcariberd.com\/it\/politica-sulla-riservatezza\/#breadcrumb\"},\"inLanguage\":\"it-IT\",\"potentialAction\":[{\"@type\":\"ReadAction\",\"target\":[\"https:\/\/parcodelcariberd.com\/it\/politica-sulla-riservatezza\/\"]}]},{\"@type\":\"BreadcrumbList\",\"@id\":\"https:\/\/parcodelcariberd.com\/it\/politica-sulla-riservatezza\/#breadcrumb\",\"itemListElement\":[{\"@type\":\"ListItem\",\"position\":1,\"name\":\"Home\",\"item\":\"https:\/\/parcodelcariberd.com\/it\/\"},{\"@type\":\"ListItem\",\"position\":2,\"name\":\"Politica Sulla Riservatezza\"}]},{\"@type\":\"WebSite\",\"@id\":\"https:\/\/parcodelcariberd.com\/it\/#website\",\"url\":\"https:\/\/parcodelcariberd.com\/it\/\",\"name\":\"Parco del Caribe\",\"description\":\"Alquiler de Apartamentos en Boca Chica\",\"potentialAction\":[{\"@type\":\"SearchAction\",\"target\":{\"@type\":\"EntryPoint\",\"urlTemplate\":\"https:\/\/parcodelcariberd.com\/it\/?s={search_term_string}\"},\"query-input\":\"required name=search_term_string\"}],\"inLanguage\":\"it-IT\"}]}<\/script>\n<!-- \/ Yoast SEO Premium plugin. -->","yoast_head_json":{"title":"Politica Sulla Riservatezza - Parco del Caribe","robots":{"index":"index","follow":"follow","max-snippet":"max-snippet:-1","max-image-preview":"max-image-preview:large","max-video-preview":"max-video-preview:-1"},"canonical":"https:\/\/parcodelcariberd.com\/it\/politica-sulla-riservatezza\/","og_locale":"it_IT","og_type":"article","og_title":"Politica Sulla Riservatezza","og_description":"Politica sui cookie Su questo sito Web vengono utilizzati cookie di terze parti e propri per garantire un&#8217;esperienza di navigazione migliore, condividere i contenuti sui social network e ottenere statistiche sugli utenti. Puoi impedire che i cookie vengano scaricati tramite le impostazioni del tuo browser, impedendo che i cookie vengano memorizzati sul tuo dispositivo. Come [&hellip;]","og_url":"https:\/\/parcodelcariberd.com\/it\/politica-sulla-riservatezza\/","og_site_name":"Parco del Caribe","article_modified_time":"2024-01-07T06:09:33+00:00","twitter_card":"summary_large_image","twitter_misc":{"Tempo di lettura stimato":"6 minuti"},"schema":{"@context":"https:\/\/schema.org","@graph":[{"@type":"WebPage","@id":"https:\/\/parcodelcariberd.com\/it\/politica-sulla-riservatezza\/","url":"https:\/\/parcodelcariberd.com\/it\/politica-sulla-riservatezza\/","name":"Politica Sulla Riservatezza - Parco del Caribe","isPartOf":{"@id":"https:\/\/parcodelcariberd.com\/it\/#website"},"datePublished":"2018-05-17T21:51:35+00:00","dateModified":"2024-01-07T06:09:33+00:00","breadcrumb":{"@id":"https:\/\/parcodelcariberd.com\/it\/politica-sulla-riservatezza\/#breadcrumb"},"inLanguage":"it-IT","potentialAction":[{"@type":"ReadAction","target":["https:\/\/parcodelcariberd.com\/it\/politica-sulla-riservatezza\/"]}]},{"@type":"BreadcrumbList","@id":"https:\/\/parcodelcariberd.com\/it\/politica-sulla-riservatezza\/#breadcrumb","itemListElement":[{"@type":"ListItem","position":1,"name":"Home","item":"https:\/\/parcodelcariberd.com\/it\/"},{"@type":"ListItem","position":2,"name":"Politica Sulla Riservatezza"}]},{"@type":"WebSite","@id":"https:\/\/parcodelcariberd.com\/it\/#website","url":"https:\/\/parcodelcariberd.com\/it\/","name":"Parco del Caribe","description":"Alquiler de Apartamentos en Boca Chica","potentialAction":[{"@type":"SearchAction","target":{"@type":"EntryPoint","urlTemplate":"https:\/\/parcodelcariberd.com\/it\/?s={search_term_string}"},"query-input":"required name=search_term_string"}],"inLanguage":"it-IT"}]}},"_links":{"self":[{"href":"https:\/\/parcodelcariberd.com\/it\/wp-json\/wp\/v2\/pages\/4356"}],"collection":[{"href":"https:\/\/parcodelcariberd.com\/it\/wp-json\/wp\/v2\/pages"}],"about":[{"href":"https:\/\/parcodelcariberd.com\/it\/wp-json\/wp\/v2\/types\/page"}],"author":[{"embeddable":true,"href":"https:\/\/parcodelcariberd.com\/it\/wp-json\/wp\/v2\/users\/1"}],"replies":[{"embeddable":true,"href":"https:\/\/parcodelcariberd.com\/it\/wp-json\/wp\/v2\/comments?post=4356"}],"version-history":[{"count":3,"href":"https:\/\/parcodelcariberd.com\/it\/wp-json\/wp\/v2\/pages\/4356\/revisions"}],"predecessor-version":[{"id":5230,"href":"https:\/\/parcodelcariberd.com\/it\/wp-json\/wp\/v2\/pages\/4356\/revisions\/5230"}],"wp:attachment":[{"href":"https:\/\/parcodelcariberd.com\/it\/wp-json\/wp\/v2\/media?parent=4356"}],"curies":[{"name":"wp","href":"https:\/\/api.w.org\/{rel}","templated":true}]}}