{"id":4235,"date":"2018-02-17T13:08:13","date_gmt":"2018-02-17T13:08:13","guid":{"rendered":"https:\/\/parcodelcariberd.com\/el-residencial\/"},"modified":"2023-10-05T02:04:28","modified_gmt":"2023-10-05T02:04:28","slug":"el-residencial","status":"publish","type":"page","link":"https:\/\/parcodelcariberd.com\/it\/el-residencial\/","title":{"rendered":"Il Residence"},"content":{"rendered":"<p>[vc_row full_width=&#8221;stretch_row&#8221; css=&#8221;.vc_custom_1531729276201{padding-bottom: 80px !important;}&#8221;][vc_column width=&#8221;1\/2&#8243;]\t\t\t<div\r\n\t\t\t\tclass=\"main_title  text-left  \">\r\n\t\t\t\t<h2 class=\"title\">PARCO DEL CARIBE<\/h2>\r\n\t\t\t\t\t\t\t\t\t<p class=\"main_description\">Relax e comfort!<\/p>\r\n\t\t\t\t\t\t\t<\/div>\r\n\t\t[vc_column_text]<\/p>\n<h5>A CASA LONTANO DA CASA<\/h5>\n<p class=\"main_description\">Il residence Parco del Caribe \u00e8\u00a0<strong>situato a Boca Chica<\/strong>, una vivace localit\u00e0 della costa Sud a pochi chilometri dalla Capitale Santo Domingo e dall\u2019aeroporto internazionale Las Americas. Qui troverete un\u00a0<strong>ambiente familiare e amichevole<\/strong>, con gestione italiana e massima disponibilit\u00e0 del personale per farvi trascorrere una piacevole vacanza. A disposizione una\u00a0<strong>reception aperta 24h<\/strong>\u00a0e un\u00a0<strong>parcheggio interno gratuito<\/strong>.<\/p>\n<p>&nbsp;<\/p>\n<h5>LA COMODIT\u00c0 DI UNA CASA, IL COMFORT DI UN HOTEL<\/h5>\n<p class=\"main_description\">Gli appartamenti ampi e confortevoli, con una o due camere da letto, offrono la comodit\u00e0 di una casa con il comfort e i servizi di un hotel: pulizia giornaliera, biancheria, TV internazionale, Wi-Fi gratuito, parcheggio, reception aperta giorno e notte. <strong>GUARDA LE FOTO<\/strong><\/p>\n<p>&nbsp;<\/p>\n<h3><\/h3>\n<h5><strong>PROGRAMMA AL MEGLIO LA TUA VACANZA<\/strong><\/h5>\n<p class=\"main_description\">Parco del Caribe, immerso in un giardino tropicale, si trova nel centro del paese, a pochi passi dalla spiaggia e dalla animata via principale. Tutto \u00e8 raggiungibile a piedi! La spiaggia \u00e8 racchiusa da una lunga barriera corallina e il suo mare, calmo e poco profondo, \u00e8 ideale per adulti e bambini. Per vivere al meglio la tua vacanza\u00a0<a href=\"https:\/\/parcodelcariberd.com\/guia-2\/?lang=it\">VAI ALLA GUIDA DI BOCA CHICA<\/a><\/p>\n<p>[\/vc_column_text][\/vc_column][vc_column width=&#8221;1\/2&#8243;][vc_empty_space height=&#8221;75&#8243;][vc_single_image image=&#8221;3082&#8243; img_size=&#8221;full&#8221;][vc_single_image image=&#8221;3624&#8243; img_size=&#8221;full&#8221;][\/vc_column][\/vc_row][vc_row][vc_column][vc_row_inner][vc_column_inner]           \r\n            <div class=\"row\">\r\n\t            <div class=\"image-gallery\">\r\n\r\n                   \r\n                    <!-- GALLERY ITEM -->\r\n                    <div class=\"col-lg-3 col-sm-6\">\r\n                      <figure class=\"gradient-overlay-hover icon-zoom-hover zoom-image-hover\">\r\n                                                <a href=\"https:\/\/parcodelcariberd.com\/wp-content\/uploads\/2022\/08\/1.jpg\">\r\n                          <img src=\"https:\/\/parcodelcariberd.com\/wp-content\/uploads\/2022\/08\/1.jpg\" class=\"img-responsive\">\r\n                        <\/a>\r\n                                            <\/figure>\r\n                    <\/div>\r\n\r\n                    \r\n                    <!-- GALLERY ITEM -->\r\n                    <div class=\"col-lg-3 col-sm-6\">\r\n                      <figure class=\"gradient-overlay-hover icon-zoom-hover zoom-image-hover\">\r\n                                                <a href=\"https:\/\/parcodelcariberd.com\/wp-content\/uploads\/2022\/08\/4.jpg\">\r\n                          <img src=\"https:\/\/parcodelcariberd.com\/wp-content\/uploads\/2022\/08\/4.jpg\" class=\"img-responsive\">\r\n                        <\/a>\r\n                                            <\/figure>\r\n                    <\/div>\r\n\r\n                    \r\n                    <!-- GALLERY ITEM -->\r\n                    <div class=\"col-lg-3 col-sm-6\">\r\n                      <figure class=\"gradient-overlay-hover icon-zoom-hover zoom-image-hover\">\r\n                                                <a href=\"https:\/\/parcodelcariberd.com\/wp-content\/uploads\/2022\/08\/3.jpg\">\r\n                          <img src=\"https:\/\/parcodelcariberd.com\/wp-content\/uploads\/2022\/08\/3.jpg\" class=\"img-responsive\">\r\n                        <\/a>\r\n                                            <\/figure>\r\n                    <\/div>\r\n\r\n                    \r\n                    <!-- GALLERY ITEM -->\r\n                    <div class=\"col-lg-3 col-sm-6\">\r\n                      <figure class=\"gradient-overlay-hover icon-zoom-hover zoom-image-hover\">\r\n                                                <a href=\"https:\/\/parcodelcariberd.com\/wp-content\/uploads\/2022\/08\/2.jpg\">\r\n                          <img src=\"https:\/\/parcodelcariberd.com\/wp-content\/uploads\/2022\/08\/2.jpg\" class=\"img-responsive\">\r\n                        <\/a>\r\n                                            <\/figure>\r\n                    <\/div>\r\n\r\n                    \r\n\t                \t            <\/div>\r\n            <\/div>\r\n\r\n        [vc_column_text]La struttura moderna e spaziosa \u00e8 circondata da un bellissimo giardino tropicale molto verde.<\/p>\n<p>Gli appartamenti superior sono spaziosi e luminosi, con una o due camere da letto, un bagno, una cucina attrezzata, una camera con divano letto e un ampio balcone.<\/p>\n<p>Gli appartamenti sono ideali anche per chi considera lunghi soggiorni.<\/p>\n<p>I mobili realizzati a mano in vimini, rattan e bamb\u00f9 tipico ti consentono di goderti il \u200b\u200bmeglio dello spazio disponibile, creando un&#8217;atmosfera confortevole e accogliente.[\/vc_column_text][\/vc_column_inner][\/vc_row_inner][\/vc_column][\/vc_row][vc_row][vc_column]\t\t\t<div\r\n\t\t\t\tclass=\"main_title  text-left  \">\r\n\t\t\t\t<h2 class=\"title\">Partner e collaboratori<\/h2>\r\n\t\t\t\t\t\t\t\t\t<p class=\"main_description\">Booking - Expedia - Airbnb - Tripadvisor - Homeaway - Vrboe pi\u00f9 di 256 soci ...<\/p>\r\n\t\t\t\t\t\t\t<\/div>\r\n\t\t[\/vc_column][\/vc_row]<\/p>\n","protected":false},"excerpt":{"rendered":"<p>[vc_row full_width=&#8221;stretch_row&#8221; css=&#8221;.vc_custom_1531729276201{padding-bottom: 80px !important;}&#8221;][vc_column width=&#8221;1\/2&#8243;][vc_column_text] A CASA LONTANO DA CASA Il residence Parco del Caribe \u00e8\u00a0situato a Boca Chica, una vivace localit\u00e0 della costa Sud a pochi chilometri dalla Capitale Santo Domingo e dall\u2019aeroporto internazionale Las Americas. Qui troverete un\u00a0ambiente familiare e amichevole, con gestione italiana e massima disponibilit\u00e0 del personale per farvi trascorrere [&hellip;]<\/p>\n","protected":false},"author":1,"featured_media":0,"parent":0,"menu_order":0,"comment_status":"closed","ping_status":"closed","template":"","meta":[],"yoast_head":"<!-- This site is optimized with the Yoast SEO Premium plugin v19.5 (Yoast SEO v19.10) - https:\/\/yoast.com\/wordpress\/plugins\/seo\/ -->\n<title>Il Residence - Parco del Caribe<\/title>\n<meta name=\"robots\" content=\"index, follow, max-snippet:-1, max-image-preview:large, max-video-preview:-1\" \/>\n<link rel=\"canonical\" href=\"https:\/\/parcodelcariberd.com\/it\/el-residencial\/\" \/>\n<meta property=\"og:locale\" content=\"it_IT\" \/>\n<meta property=\"og:type\" content=\"article\" \/>\n<meta property=\"og:title\" content=\"Il Residence\" \/>\n<meta property=\"og:description\" content=\"[vc_row full_width=&#8221;stretch_row&#8221; css=&#8221;.vc_custom_1531729276201{padding-bottom: 80px !important;}&#8221;][vc_column width=&#8221;1\/2&#8243;][vc_column_text] A CASA LONTANO DA CASA Il residence Parco del Caribe \u00e8\u00a0situato a Boca Chica, una vivace localit\u00e0 della costa Sud a pochi chilometri dalla Capitale Santo Domingo e dall\u2019aeroporto internazionale Las Americas. Qui troverete un\u00a0ambiente familiare e amichevole, con gestione italiana e massima disponibilit\u00e0 del personale per farvi trascorrere [&hellip;]\" \/>\n<meta property=\"og:url\" content=\"https:\/\/parcodelcariberd.com\/it\/el-residencial\/\" \/>\n<meta property=\"og:site_name\" content=\"Parco del Caribe\" \/>\n<meta property=\"article:modified_time\" content=\"2023-10-05T02:04:28+00:00\" \/>\n<meta name=\"twitter:card\" content=\"summary_large_image\" \/>\n<meta name=\"twitter:label1\" content=\"Tempo di lettura stimato\" \/>\n\t<meta name=\"twitter:data1\" content=\"2 minuti\" \/>\n<script type=\"application\/ld+json\" class=\"yoast-schema-graph\">{\"@context\":\"https:\/\/schema.org\",\"@graph\":[{\"@type\":\"WebPage\",\"@id\":\"https:\/\/parcodelcariberd.com\/it\/el-residencial\/\",\"url\":\"https:\/\/parcodelcariberd.com\/it\/el-residencial\/\",\"name\":\"Il Residence - Parco del Caribe\",\"isPartOf\":{\"@id\":\"https:\/\/parcodelcariberd.com\/it\/#website\"},\"datePublished\":\"2018-02-17T13:08:13+00:00\",\"dateModified\":\"2023-10-05T02:04:28+00:00\",\"breadcrumb\":{\"@id\":\"https:\/\/parcodelcariberd.com\/it\/el-residencial\/#breadcrumb\"},\"inLanguage\":\"it-IT\",\"potentialAction\":[{\"@type\":\"ReadAction\",\"target\":[\"https:\/\/parcodelcariberd.com\/it\/el-residencial\/\"]}]},{\"@type\":\"BreadcrumbList\",\"@id\":\"https:\/\/parcodelcariberd.com\/it\/el-residencial\/#breadcrumb\",\"itemListElement\":[{\"@type\":\"ListItem\",\"position\":1,\"name\":\"Home\",\"item\":\"https:\/\/parcodelcariberd.com\/it\/\"},{\"@type\":\"ListItem\",\"position\":2,\"name\":\"Il Residence\"}]},{\"@type\":\"WebSite\",\"@id\":\"https:\/\/parcodelcariberd.com\/it\/#website\",\"url\":\"https:\/\/parcodelcariberd.com\/it\/\",\"name\":\"Parco del Caribe\",\"description\":\"Alquiler de Apartamentos en Boca Chica\",\"potentialAction\":[{\"@type\":\"SearchAction\",\"target\":{\"@type\":\"EntryPoint\",\"urlTemplate\":\"https:\/\/parcodelcariberd.com\/it\/?s={search_term_string}\"},\"query-input\":\"required name=search_term_string\"}],\"inLanguage\":\"it-IT\"}]}<\/script>\n<!-- \/ Yoast SEO Premium plugin. -->","yoast_head_json":{"title":"Il Residence - Parco del Caribe","robots":{"index":"index","follow":"follow","max-snippet":"max-snippet:-1","max-image-preview":"max-image-preview:large","max-video-preview":"max-video-preview:-1"},"canonical":"https:\/\/parcodelcariberd.com\/it\/el-residencial\/","og_locale":"it_IT","og_type":"article","og_title":"Il Residence","og_description":"[vc_row full_width=&#8221;stretch_row&#8221; css=&#8221;.vc_custom_1531729276201{padding-bottom: 80px !important;}&#8221;][vc_column width=&#8221;1\/2&#8243;][vc_column_text] A CASA LONTANO DA CASA Il residence Parco del Caribe \u00e8\u00a0situato a Boca Chica, una vivace localit\u00e0 della costa Sud a pochi chilometri dalla Capitale Santo Domingo e dall\u2019aeroporto internazionale Las Americas. Qui troverete un\u00a0ambiente familiare e amichevole, con gestione italiana e massima disponibilit\u00e0 del personale per farvi trascorrere [&hellip;]","og_url":"https:\/\/parcodelcariberd.com\/it\/el-residencial\/","og_site_name":"Parco del Caribe","article_modified_time":"2023-10-05T02:04:28+00:00","twitter_card":"summary_large_image","twitter_misc":{"Tempo di lettura stimato":"2 minuti"},"schema":{"@context":"https:\/\/schema.org","@graph":[{"@type":"WebPage","@id":"https:\/\/parcodelcariberd.com\/it\/el-residencial\/","url":"https:\/\/parcodelcariberd.com\/it\/el-residencial\/","name":"Il Residence - Parco del Caribe","isPartOf":{"@id":"https:\/\/parcodelcariberd.com\/it\/#website"},"datePublished":"2018-02-17T13:08:13+00:00","dateModified":"2023-10-05T02:04:28+00:00","breadcrumb":{"@id":"https:\/\/parcodelcariberd.com\/it\/el-residencial\/#breadcrumb"},"inLanguage":"it-IT","potentialAction":[{"@type":"ReadAction","target":["https:\/\/parcodelcariberd.com\/it\/el-residencial\/"]}]},{"@type":"BreadcrumbList","@id":"https:\/\/parcodelcariberd.com\/it\/el-residencial\/#breadcrumb","itemListElement":[{"@type":"ListItem","position":1,"name":"Home","item":"https:\/\/parcodelcariberd.com\/it\/"},{"@type":"ListItem","position":2,"name":"Il Residence"}]},{"@type":"WebSite","@id":"https:\/\/parcodelcariberd.com\/it\/#website","url":"https:\/\/parcodelcariberd.com\/it\/","name":"Parco del Caribe","description":"Alquiler de Apartamentos en Boca Chica","potentialAction":[{"@type":"SearchAction","target":{"@type":"EntryPoint","urlTemplate":"https:\/\/parcodelcariberd.com\/it\/?s={search_term_string}"},"query-input":"required name=search_term_string"}],"inLanguage":"it-IT"}]}},"_links":{"self":[{"href":"https:\/\/parcodelcariberd.com\/it\/wp-json\/wp\/v2\/pages\/4235"}],"collection":[{"href":"https:\/\/parcodelcariberd.com\/it\/wp-json\/wp\/v2\/pages"}],"about":[{"href":"https:\/\/parcodelcariberd.com\/it\/wp-json\/wp\/v2\/types\/page"}],"author":[{"embeddable":true,"href":"https:\/\/parcodelcariberd.com\/it\/wp-json\/wp\/v2\/users\/1"}],"replies":[{"embeddable":true,"href":"https:\/\/parcodelcariberd.com\/it\/wp-json\/wp\/v2\/comments?post=4235"}],"version-history":[{"count":16,"href":"https:\/\/parcodelcariberd.com\/it\/wp-json\/wp\/v2\/pages\/4235\/revisions"}],"predecessor-version":[{"id":5182,"href":"https:\/\/parcodelcariberd.com\/it\/wp-json\/wp\/v2\/pages\/4235\/revisions\/5182"}],"wp:attachment":[{"href":"https:\/\/parcodelcariberd.com\/it\/wp-json\/wp\/v2\/media?parent=4235"}],"curies":[{"name":"wp","href":"https:\/\/api.w.org\/{rel}","templated":true}]}}