{"id":5344,"date":"2024-06-08T03:59:16","date_gmt":"2024-06-08T03:59:16","guid":{"rendered":"https:\/\/parcodelcariberd.com\/?page_id=5344"},"modified":"2024-06-08T03:59:16","modified_gmt":"2024-06-08T03:59:16","slug":"politica-de-reembolso","status":"publish","type":"page","link":"https:\/\/parcodelcariberd.com\/es\/politica-de-reembolso\/","title":{"rendered":"Politica de reembolso"},"content":{"rendered":"<h3 id=\"tw-target-text\" class=\"tw-data-text tw-text-large tw-ta\" dir=\"ltr\" data-placeholder=\"Translation\" aria-label=\"Translated text\" data-ved=\"2ahUKEwjokJzsi8uGAxWta_UHHeeOAroQ3ewLegQIBRAU\"><span class=\"Y2IQFc\" lang=\"es\">Seg\u00fan nuestra pol\u00edtica de reembolso:<\/span><\/h3>\n<ul>\n<li id=\"tw-target-text\" class=\"tw-data-text tw-text-large tw-ta\" dir=\"ltr\" data-placeholder=\"Translation\" aria-label=\"Translated text\" data-ved=\"2ahUKEwjokJzsi8uGAxWta_UHHeeOAroQ3ewLegQIBRAU\"><span class=\"Y2IQFc\" lang=\"es\">Si se cancela una reserva reembolsable, se le reembolsar\u00e1 el importe entre dos (2) y cuatro (4) semanas para que se muestre el reembolso en el extracto de su tarjeta de cr\u00e9dito.<\/span><\/li>\n<li dir=\"ltr\" data-placeholder=\"Translation\" aria-label=\"Translated text\" data-ved=\"2ahUKEwjokJzsi8uGAxWta_UHHeeOAroQ3ewLegQIBRAU\">El motivo del tiempo de procesamiento especificado se basar\u00e1 en el ciclo de facturaci\u00f3n de la compa\u00f1\u00eda de su tarjeta de cr\u00e9dito y el tiempo de procesamiento del banco.<\/li>\n<li dir=\"ltr\" data-placeholder=\"Translation\" aria-label=\"Translated text\" data-ved=\"2ahUKEwjokJzsi8uGAxWta_UHHeeOAroQ3ewLegQIBRAU\">\n<p id=\"tw-target-text\" class=\"tw-data-text tw-text-large tw-ta\" dir=\"ltr\" data-placeholder=\"Translation\" aria-label=\"Translated text\" data-ved=\"2ahUKEwjokJzsi8uGAxWta_UHHeeOAroQ3ewLegQIBRAU\"><span class=\"Y2IQFc\" lang=\"es\">Nuestro reembolso depende de m\u00faltiples factores, incluida la pol\u00edtica de cancelaci\u00f3n del hotel, el momento de la cancelaci\u00f3n, las tarifas de procesamiento, etc. Para obtener m\u00e1s informaci\u00f3n, consulte la pol\u00edtica de cancelaci\u00f3n mencionada anteriormente.<\/span><\/p>\n<\/li>\n<li dir=\"ltr\" data-placeholder=\"Translation\" aria-label=\"Translated text\" data-ved=\"2ahUKEwjokJzsi8uGAxWta_UHHeeOAroQ3ewLegQIBRAU\">En reservas no reembolsables se cargar\u00e1 el importe total.<\/li>\n<\/ul>\n","protected":false},"excerpt":{"rendered":"<p>Seg\u00fan nuestra pol\u00edtica de reembolso: Si se cancela una reserva reembolsable, se le reembolsar\u00e1 el importe entre dos (2) y cuatro (4) semanas para que se muestre el reembolso en el extracto de su tarjeta de cr\u00e9dito. El motivo del tiempo de procesamiento especificado se basar\u00e1 en el ciclo de facturaci\u00f3n de la compa\u00f1\u00eda de [&hellip;]<\/p>\n","protected":false},"author":1,"featured_media":0,"parent":0,"menu_order":0,"comment_status":"closed","ping_status":"closed","template":"","meta":[],"yoast_head":"<!-- This site is optimized with the Yoast SEO Premium plugin v19.5 (Yoast SEO v19.10) - https:\/\/yoast.com\/wordpress\/plugins\/seo\/ -->\n<title>Politica de reembolso - Parco del Caribe<\/title>\n<meta name=\"robots\" content=\"index, follow, max-snippet:-1, max-image-preview:large, max-video-preview:-1\" \/>\n<link rel=\"canonical\" href=\"https:\/\/parcodelcariberd.com\/es\/politica-de-reembolso\/\" \/>\n<meta property=\"og:locale\" content=\"es_ES\" \/>\n<meta property=\"og:type\" content=\"article\" \/>\n<meta property=\"og:title\" content=\"Politica de reembolso\" \/>\n<meta property=\"og:description\" content=\"Seg\u00fan nuestra pol\u00edtica de reembolso: Si se cancela una reserva reembolsable, se le reembolsar\u00e1 el importe entre dos (2) y cuatro (4) semanas para que se muestre el reembolso en el extracto de su tarjeta de cr\u00e9dito. El motivo del tiempo de procesamiento especificado se basar\u00e1 en el ciclo de facturaci\u00f3n de la compa\u00f1\u00eda de [&hellip;]\" \/>\n<meta property=\"og:url\" content=\"https:\/\/parcodelcariberd.com\/es\/politica-de-reembolso\/\" \/>\n<meta property=\"og:site_name\" content=\"Parco del Caribe\" \/>\n<meta name=\"twitter:card\" content=\"summary_large_image\" \/>\n<meta name=\"twitter:label1\" content=\"Tiempo de lectura\" \/>\n\t<meta name=\"twitter:data1\" content=\"1 minuto\" \/>\n<script type=\"application\/ld+json\" class=\"yoast-schema-graph\">{\"@context\":\"https:\/\/schema.org\",\"@graph\":[{\"@type\":\"WebPage\",\"@id\":\"https:\/\/parcodelcariberd.com\/es\/politica-de-reembolso\/\",\"url\":\"https:\/\/parcodelcariberd.com\/es\/politica-de-reembolso\/\",\"name\":\"Politica de reembolso - Parco del Caribe\",\"isPartOf\":{\"@id\":\"https:\/\/parcodelcariberd.com\/es\/#website\"},\"datePublished\":\"2024-06-08T03:59:16+00:00\",\"dateModified\":\"2024-06-08T03:59:16+00:00\",\"breadcrumb\":{\"@id\":\"https:\/\/parcodelcariberd.com\/es\/politica-de-reembolso\/#breadcrumb\"},\"inLanguage\":\"es\",\"potentialAction\":[{\"@type\":\"ReadAction\",\"target\":[\"https:\/\/parcodelcariberd.com\/es\/politica-de-reembolso\/\"]}]},{\"@type\":\"BreadcrumbList\",\"@id\":\"https:\/\/parcodelcariberd.com\/es\/politica-de-reembolso\/#breadcrumb\",\"itemListElement\":[{\"@type\":\"ListItem\",\"position\":1,\"name\":\"Home\",\"item\":\"https:\/\/parcodelcariberd.com\/es\/\"},{\"@type\":\"ListItem\",\"position\":2,\"name\":\"Politica de reembolso\"}]},{\"@type\":\"WebSite\",\"@id\":\"https:\/\/parcodelcariberd.com\/es\/#website\",\"url\":\"https:\/\/parcodelcariberd.com\/es\/\",\"name\":\"Parco del Caribe\",\"description\":\"Alquiler de Apartamentos en Boca Chica\",\"potentialAction\":[{\"@type\":\"SearchAction\",\"target\":{\"@type\":\"EntryPoint\",\"urlTemplate\":\"https:\/\/parcodelcariberd.com\/es\/?s={search_term_string}\"},\"query-input\":\"required name=search_term_string\"}],\"inLanguage\":\"es\"}]}<\/script>\n<!-- \/ Yoast SEO Premium plugin. -->","yoast_head_json":{"title":"Politica de reembolso - Parco del Caribe","robots":{"index":"index","follow":"follow","max-snippet":"max-snippet:-1","max-image-preview":"max-image-preview:large","max-video-preview":"max-video-preview:-1"},"canonical":"https:\/\/parcodelcariberd.com\/es\/politica-de-reembolso\/","og_locale":"es_ES","og_type":"article","og_title":"Politica de reembolso","og_description":"Seg\u00fan nuestra pol\u00edtica de reembolso: Si se cancela una reserva reembolsable, se le reembolsar\u00e1 el importe entre dos (2) y cuatro (4) semanas para que se muestre el reembolso en el extracto de su tarjeta de cr\u00e9dito. El motivo del tiempo de procesamiento especificado se basar\u00e1 en el ciclo de facturaci\u00f3n de la compa\u00f1\u00eda de [&hellip;]","og_url":"https:\/\/parcodelcariberd.com\/es\/politica-de-reembolso\/","og_site_name":"Parco del Caribe","twitter_card":"summary_large_image","twitter_misc":{"Tiempo de lectura":"1 minuto"},"schema":{"@context":"https:\/\/schema.org","@graph":[{"@type":"WebPage","@id":"https:\/\/parcodelcariberd.com\/es\/politica-de-reembolso\/","url":"https:\/\/parcodelcariberd.com\/es\/politica-de-reembolso\/","name":"Politica de reembolso - Parco del Caribe","isPartOf":{"@id":"https:\/\/parcodelcariberd.com\/es\/#website"},"datePublished":"2024-06-08T03:59:16+00:00","dateModified":"2024-06-08T03:59:16+00:00","breadcrumb":{"@id":"https:\/\/parcodelcariberd.com\/es\/politica-de-reembolso\/#breadcrumb"},"inLanguage":"es","potentialAction":[{"@type":"ReadAction","target":["https:\/\/parcodelcariberd.com\/es\/politica-de-reembolso\/"]}]},{"@type":"BreadcrumbList","@id":"https:\/\/parcodelcariberd.com\/es\/politica-de-reembolso\/#breadcrumb","itemListElement":[{"@type":"ListItem","position":1,"name":"Home","item":"https:\/\/parcodelcariberd.com\/es\/"},{"@type":"ListItem","position":2,"name":"Politica de reembolso"}]},{"@type":"WebSite","@id":"https:\/\/parcodelcariberd.com\/es\/#website","url":"https:\/\/parcodelcariberd.com\/es\/","name":"Parco del Caribe","description":"Alquiler de Apartamentos en Boca Chica","potentialAction":[{"@type":"SearchAction","target":{"@type":"EntryPoint","urlTemplate":"https:\/\/parcodelcariberd.com\/es\/?s={search_term_string}"},"query-input":"required name=search_term_string"}],"inLanguage":"es"}]}},"_links":{"self":[{"href":"https:\/\/parcodelcariberd.com\/es\/wp-json\/wp\/v2\/pages\/5344"}],"collection":[{"href":"https:\/\/parcodelcariberd.com\/es\/wp-json\/wp\/v2\/pages"}],"about":[{"href":"https:\/\/parcodelcariberd.com\/es\/wp-json\/wp\/v2\/types\/page"}],"author":[{"embeddable":true,"href":"https:\/\/parcodelcariberd.com\/es\/wp-json\/wp\/v2\/users\/1"}],"replies":[{"embeddable":true,"href":"https:\/\/parcodelcariberd.com\/es\/wp-json\/wp\/v2\/comments?post=5344"}],"version-history":[{"count":1,"href":"https:\/\/parcodelcariberd.com\/es\/wp-json\/wp\/v2\/pages\/5344\/revisions"}],"predecessor-version":[{"id":5346,"href":"https:\/\/parcodelcariberd.com\/es\/wp-json\/wp\/v2\/pages\/5344\/revisions\/5346"}],"wp:attachment":[{"href":"https:\/\/parcodelcariberd.com\/es\/wp-json\/wp\/v2\/media?parent=5344"}],"curies":[{"name":"wp","href":"https:\/\/api.w.org\/{rel}","templated":true}]}}