{"id":5338,"date":"2024-06-07T15:57:23","date_gmt":"2024-06-07T15:57:23","guid":{"rendered":"https:\/\/parcodelcariberd.com\/?page_id=5338"},"modified":"2024-06-19T17:41:54","modified_gmt":"2024-06-19T17:41:54","slug":"politica-de-cancelacion","status":"publish","type":"page","link":"https:\/\/parcodelcariberd.com\/es\/politica-de-cancelacion\/","title":{"rendered":"Pol\u00edtica de cancelaci\u00f3n"},"content":{"rendered":"<h3>Pol\u00edtica de cancelaci\u00f3n<\/h3>\n<p id=\"tw-target-text\" class=\"tw-data-text tw-text-large tw-ta\" dir=\"ltr\" data-placeholder=\"Translation\" aria-label=\"Translated text\" data-ved=\"2ahUKEwjCqPqTtMmGAxV6S2wGHQ3ZB0AQ3ewLegQIBRAU\"><span class=\"Y2IQFc\" lang=\"es\">Seg\u00fan nuestra pol\u00edtica de cancelaci\u00f3n, tendr\u00e1 derecho a rescindir el acuerdo, parcial o totalmente, sujeto a lo siguiente:<\/span><\/p>\n<ul>\n<li dir=\"ltr\" data-placeholder=\"Translation\" aria-label=\"Translated text\" data-ved=\"2ahUKEwjCqPqTtMmGAxV6S2wGHQ3ZB0AQ3ewLegQIBRAU\"><strong>TARIFA NO REEMBOLSABLE:<\/strong> Se cargar\u00e1 el importe total de la reserva.<\/li>\n<li dir=\"ltr\" data-placeholder=\"Translation\" aria-label=\"Translated text\" data-ved=\"2ahUKEwjCqPqTtMmGAxV6S2wGHQ3ZB0AQ3ewLegQIBRAU\">\n<p id=\"tw-target-text\" class=\"tw-data-text tw-text-large tw-ta\" dir=\"ltr\" data-placeholder=\"Translation\" aria-label=\"Translated text\" data-ved=\"2ahUKEwjCqPqTtMmGAxV6S2wGHQ3ZB0AQ3ewLegQIBRAU\"><span class=\"Y2IQFc\" lang=\"es\"><strong>CANCELACI\u00d3N GRATUITA:<\/strong> Del 1 de mayo al 30 de octubre El cliente podr\u00e1 cancelar sin gastos hasta 3 d\u00edas antes de la llegada. En caso de no presentarse se cargar\u00e1 la primera noche.<\/span><\/p>\n<\/li>\n<li dir=\"ltr\" data-placeholder=\"Translation\" aria-label=\"Translated text\" data-ved=\"2ahUKEwjCqPqTtMmGAxV6S2wGHQ3ZB0AQ3ewLegQIBRAU\">\n<p id=\"tw-target-text\" class=\"tw-data-text tw-text-large tw-ta\" dir=\"ltr\" data-placeholder=\"Translation\" aria-label=\"Translated text\" data-ved=\"2ahUKEwjCqPqTtMmGAxV6S2wGHQ3ZB0AQ3ewLegQIBRAU\"><span class=\"Y2IQFc\" lang=\"es\">Desde el 1 de noviembre hasta el 30 de abril el cliente podr\u00e1 cancelar sin gastos hasta 3 d\u00edas antes de la llegada. En caso de no presentarse se cargar\u00e1 el importe total.<\/span><\/p>\n<\/li>\n<\/ul>\n","protected":false},"excerpt":{"rendered":"<p>Pol\u00edtica de cancelaci\u00f3n Seg\u00fan nuestra pol\u00edtica de cancelaci\u00f3n, tendr\u00e1 derecho a rescindir el acuerdo, parcial o totalmente, sujeto a lo siguiente: TARIFA NO REEMBOLSABLE: Se cargar\u00e1 el importe total de la reserva. CANCELACI\u00d3N GRATUITA: Del 1 de mayo al 30 de octubre El cliente podr\u00e1 cancelar sin gastos hasta 3 d\u00edas antes de la llegada. [&hellip;]<\/p>\n","protected":false},"author":1,"featured_media":0,"parent":0,"menu_order":0,"comment_status":"closed","ping_status":"closed","template":"","meta":[],"yoast_head":"<!-- This site is optimized with the Yoast SEO Premium plugin v19.5 (Yoast SEO v19.10) - https:\/\/yoast.com\/wordpress\/plugins\/seo\/ -->\n<title>Pol\u00edtica de cancelaci\u00f3n - Parco del Caribe<\/title>\n<meta name=\"robots\" content=\"index, follow, max-snippet:-1, max-image-preview:large, max-video-preview:-1\" \/>\n<link rel=\"canonical\" href=\"https:\/\/parcodelcariberd.com\/es\/politica-de-cancelacion\/\" \/>\n<meta property=\"og:locale\" content=\"es_ES\" \/>\n<meta property=\"og:type\" content=\"article\" \/>\n<meta property=\"og:title\" content=\"Pol\u00edtica de cancelaci\u00f3n\" \/>\n<meta property=\"og:description\" content=\"Pol\u00edtica de cancelaci\u00f3n Seg\u00fan nuestra pol\u00edtica de cancelaci\u00f3n, tendr\u00e1 derecho a rescindir el acuerdo, parcial o totalmente, sujeto a lo siguiente: TARIFA NO REEMBOLSABLE: Se cargar\u00e1 el importe total de la reserva. CANCELACI\u00d3N GRATUITA: Del 1 de mayo al 30 de octubre El cliente podr\u00e1 cancelar sin gastos hasta 3 d\u00edas antes de la llegada. [&hellip;]\" \/>\n<meta property=\"og:url\" content=\"https:\/\/parcodelcariberd.com\/es\/politica-de-cancelacion\/\" \/>\n<meta property=\"og:site_name\" content=\"Parco del Caribe\" \/>\n<meta property=\"article:modified_time\" content=\"2024-06-19T17:41:54+00:00\" \/>\n<meta name=\"twitter:card\" content=\"summary_large_image\" \/>\n<meta name=\"twitter:label1\" content=\"Tiempo de lectura\" \/>\n\t<meta name=\"twitter:data1\" content=\"1 minuto\" \/>\n<script type=\"application\/ld+json\" class=\"yoast-schema-graph\">{\"@context\":\"https:\/\/schema.org\",\"@graph\":[{\"@type\":\"WebPage\",\"@id\":\"https:\/\/parcodelcariberd.com\/es\/politica-de-cancelacion\/\",\"url\":\"https:\/\/parcodelcariberd.com\/es\/politica-de-cancelacion\/\",\"name\":\"Pol\u00edtica de cancelaci\u00f3n - Parco del Caribe\",\"isPartOf\":{\"@id\":\"https:\/\/parcodelcariberd.com\/es\/#website\"},\"datePublished\":\"2024-06-07T15:57:23+00:00\",\"dateModified\":\"2024-06-19T17:41:54+00:00\",\"breadcrumb\":{\"@id\":\"https:\/\/parcodelcariberd.com\/es\/politica-de-cancelacion\/#breadcrumb\"},\"inLanguage\":\"es\",\"potentialAction\":[{\"@type\":\"ReadAction\",\"target\":[\"https:\/\/parcodelcariberd.com\/es\/politica-de-cancelacion\/\"]}]},{\"@type\":\"BreadcrumbList\",\"@id\":\"https:\/\/parcodelcariberd.com\/es\/politica-de-cancelacion\/#breadcrumb\",\"itemListElement\":[{\"@type\":\"ListItem\",\"position\":1,\"name\":\"Home\",\"item\":\"https:\/\/parcodelcariberd.com\/es\/\"},{\"@type\":\"ListItem\",\"position\":2,\"name\":\"Pol\u00edtica de cancelaci\u00f3n\"}]},{\"@type\":\"WebSite\",\"@id\":\"https:\/\/parcodelcariberd.com\/es\/#website\",\"url\":\"https:\/\/parcodelcariberd.com\/es\/\",\"name\":\"Parco del Caribe\",\"description\":\"Alquiler de Apartamentos en Boca Chica\",\"potentialAction\":[{\"@type\":\"SearchAction\",\"target\":{\"@type\":\"EntryPoint\",\"urlTemplate\":\"https:\/\/parcodelcariberd.com\/es\/?s={search_term_string}\"},\"query-input\":\"required name=search_term_string\"}],\"inLanguage\":\"es\"}]}<\/script>\n<!-- \/ Yoast SEO Premium plugin. -->","yoast_head_json":{"title":"Pol\u00edtica de cancelaci\u00f3n - Parco del Caribe","robots":{"index":"index","follow":"follow","max-snippet":"max-snippet:-1","max-image-preview":"max-image-preview:large","max-video-preview":"max-video-preview:-1"},"canonical":"https:\/\/parcodelcariberd.com\/es\/politica-de-cancelacion\/","og_locale":"es_ES","og_type":"article","og_title":"Pol\u00edtica de cancelaci\u00f3n","og_description":"Pol\u00edtica de cancelaci\u00f3n Seg\u00fan nuestra pol\u00edtica de cancelaci\u00f3n, tendr\u00e1 derecho a rescindir el acuerdo, parcial o totalmente, sujeto a lo siguiente: TARIFA NO REEMBOLSABLE: Se cargar\u00e1 el importe total de la reserva. CANCELACI\u00d3N GRATUITA: Del 1 de mayo al 30 de octubre El cliente podr\u00e1 cancelar sin gastos hasta 3 d\u00edas antes de la llegada. [&hellip;]","og_url":"https:\/\/parcodelcariberd.com\/es\/politica-de-cancelacion\/","og_site_name":"Parco del Caribe","article_modified_time":"2024-06-19T17:41:54+00:00","twitter_card":"summary_large_image","twitter_misc":{"Tiempo de lectura":"1 minuto"},"schema":{"@context":"https:\/\/schema.org","@graph":[{"@type":"WebPage","@id":"https:\/\/parcodelcariberd.com\/es\/politica-de-cancelacion\/","url":"https:\/\/parcodelcariberd.com\/es\/politica-de-cancelacion\/","name":"Pol\u00edtica de cancelaci\u00f3n - Parco del Caribe","isPartOf":{"@id":"https:\/\/parcodelcariberd.com\/es\/#website"},"datePublished":"2024-06-07T15:57:23+00:00","dateModified":"2024-06-19T17:41:54+00:00","breadcrumb":{"@id":"https:\/\/parcodelcariberd.com\/es\/politica-de-cancelacion\/#breadcrumb"},"inLanguage":"es","potentialAction":[{"@type":"ReadAction","target":["https:\/\/parcodelcariberd.com\/es\/politica-de-cancelacion\/"]}]},{"@type":"BreadcrumbList","@id":"https:\/\/parcodelcariberd.com\/es\/politica-de-cancelacion\/#breadcrumb","itemListElement":[{"@type":"ListItem","position":1,"name":"Home","item":"https:\/\/parcodelcariberd.com\/es\/"},{"@type":"ListItem","position":2,"name":"Pol\u00edtica de cancelaci\u00f3n"}]},{"@type":"WebSite","@id":"https:\/\/parcodelcariberd.com\/es\/#website","url":"https:\/\/parcodelcariberd.com\/es\/","name":"Parco del Caribe","description":"Alquiler de Apartamentos en Boca Chica","potentialAction":[{"@type":"SearchAction","target":{"@type":"EntryPoint","urlTemplate":"https:\/\/parcodelcariberd.com\/es\/?s={search_term_string}"},"query-input":"required name=search_term_string"}],"inLanguage":"es"}]}},"_links":{"self":[{"href":"https:\/\/parcodelcariberd.com\/es\/wp-json\/wp\/v2\/pages\/5338"}],"collection":[{"href":"https:\/\/parcodelcariberd.com\/es\/wp-json\/wp\/v2\/pages"}],"about":[{"href":"https:\/\/parcodelcariberd.com\/es\/wp-json\/wp\/v2\/types\/page"}],"author":[{"embeddable":true,"href":"https:\/\/parcodelcariberd.com\/es\/wp-json\/wp\/v2\/users\/1"}],"replies":[{"embeddable":true,"href":"https:\/\/parcodelcariberd.com\/es\/wp-json\/wp\/v2\/comments?post=5338"}],"version-history":[{"count":1,"href":"https:\/\/parcodelcariberd.com\/es\/wp-json\/wp\/v2\/pages\/5338\/revisions"}],"predecessor-version":[{"id":5340,"href":"https:\/\/parcodelcariberd.com\/es\/wp-json\/wp\/v2\/pages\/5338\/revisions\/5340"}],"wp:attachment":[{"href":"https:\/\/parcodelcariberd.com\/es\/wp-json\/wp\/v2\/media?parent=5338"}],"curies":[{"name":"wp","href":"https:\/\/api.w.org\/{rel}","templated":true}]}}