{"id":5328,"date":"2024-06-07T11:47:35","date_gmt":"2024-06-07T11:47:35","guid":{"rendered":"https:\/\/parcodelcariberd.com\/?page_id=5328"},"modified":"2024-06-19T17:36:54","modified_gmt":"2024-06-19T17:36:54","slug":"politica-de-seguridad","status":"publish","type":"page","link":"https:\/\/parcodelcariberd.com\/es\/politica-de-seguridad\/","title":{"rendered":"Politica de seguridad"},"content":{"rendered":"<h3 id=\"tw-target-text\" class=\"tw-data-text tw-text-large tw-ta\" dir=\"ltr\" data-placeholder=\"Translation\" aria-label=\"Translated text\" data-ved=\"2ahUKEwjCqPqTtMmGAxV6S2wGHQ3ZB0AQ3ewLegQIBRAU\"><span class=\"Y2IQFc\" lang=\"es\">Politica de seguridad<\/span><\/h3>\n<p id=\"tw-target-text\" class=\"tw-data-text tw-text-large tw-ta\" dir=\"ltr\" data-placeholder=\"Translation\" aria-label=\"Translated text\" data-ved=\"2ahUKEwjCqPqTtMmGAxV6S2wGHQ3ZB0AQ3ewLegQIBRAU\"><span class=\"Y2IQFc\" lang=\"es\">Tomamos todas las medidas y precauciones razonables para proteger su informaci\u00f3n personal y seguimos las mejores pr\u00e1cticas de la industria para proteger su informaci\u00f3n de ser utilizada de manera inapropiada, alterada o destruida si formateamos la informaci\u00f3n de su tarjeta de cr\u00e9dito utilizando tecnolog\u00eda de capa de puerto seguro. O Secur Sockets Layer (SSL), y lo almacenamos con cifrado AES-256, seguimos todos los PCI-DSS.<\/span><\/p>\n<h3 id=\"tw-target-text\" class=\"tw-data-text tw-text-large tw-ta\" dir=\"ltr\" data-placeholder=\"Translation\" aria-label=\"Translated text\" data-ved=\"2ahUKEwjCqPqTtMmGAxV6S2wGHQ3ZB0AQ3ewLegQIBRAU\"><span class=\"Y2IQFc\" lang=\"es\">Pagos<\/span><\/h3>\n<p id=\"tw-target-text\" class=\"tw-data-text tw-text-large tw-ta\" dir=\"ltr\" data-placeholder=\"Translation\" aria-label=\"Translated text\" data-ved=\"2ahUKEwjCqPqTtMmGAxV6S2wGHQ3ZB0AQ3ewLegQIBRAU\"><span class=\"Y2IQFc\" lang=\"es\">Los m\u00e9todos de pago utilizados por la empresa son servicios de terceros. Estos servicios azules de terceros cumplen con todos los est\u00e1ndares de seguridad y cifrado para mantener su informaci\u00f3n segura. Solo utilizamos la informaci\u00f3n necesaria para completar la lectura recomendada de las pol\u00edticas de privacidad de estos. Proveedores para comprender mejor c\u00f3mo manejar la informaci\u00f3n proporcionada.<\/span><\/p>\n","protected":false},"excerpt":{"rendered":"<p>Politica de seguridad Tomamos todas las medidas y precauciones razonables para proteger su informaci\u00f3n personal y seguimos las mejores pr\u00e1cticas de la industria para proteger su informaci\u00f3n de ser utilizada de manera inapropiada, alterada o destruida si formateamos la informaci\u00f3n de su tarjeta de cr\u00e9dito utilizando tecnolog\u00eda de capa de puerto seguro. O Secur Sockets [&hellip;]<\/p>\n","protected":false},"author":1,"featured_media":0,"parent":0,"menu_order":0,"comment_status":"closed","ping_status":"closed","template":"","meta":[],"yoast_head":"<!-- This site is optimized with the Yoast SEO Premium plugin v19.5 (Yoast SEO v19.10) - https:\/\/yoast.com\/wordpress\/plugins\/seo\/ -->\n<title>Politica de seguridad - Parco del Caribe<\/title>\n<meta name=\"robots\" content=\"index, follow, max-snippet:-1, max-image-preview:large, max-video-preview:-1\" \/>\n<link rel=\"canonical\" href=\"https:\/\/parcodelcariberd.com\/es\/politica-de-seguridad\/\" \/>\n<meta property=\"og:locale\" content=\"es_ES\" \/>\n<meta property=\"og:type\" content=\"article\" \/>\n<meta property=\"og:title\" content=\"Politica de seguridad\" \/>\n<meta property=\"og:description\" content=\"Politica de seguridad Tomamos todas las medidas y precauciones razonables para proteger su informaci\u00f3n personal y seguimos las mejores pr\u00e1cticas de la industria para proteger su informaci\u00f3n de ser utilizada de manera inapropiada, alterada o destruida si formateamos la informaci\u00f3n de su tarjeta de cr\u00e9dito utilizando tecnolog\u00eda de capa de puerto seguro. O Secur Sockets [&hellip;]\" \/>\n<meta property=\"og:url\" content=\"https:\/\/parcodelcariberd.com\/es\/politica-de-seguridad\/\" \/>\n<meta property=\"og:site_name\" content=\"Parco del Caribe\" \/>\n<meta property=\"article:modified_time\" content=\"2024-06-19T17:36:54+00:00\" \/>\n<meta name=\"twitter:card\" content=\"summary_large_image\" \/>\n<meta name=\"twitter:label1\" content=\"Tiempo de lectura\" \/>\n\t<meta name=\"twitter:data1\" content=\"1 minuto\" \/>\n<script type=\"application\/ld+json\" class=\"yoast-schema-graph\">{\"@context\":\"https:\/\/schema.org\",\"@graph\":[{\"@type\":\"WebPage\",\"@id\":\"https:\/\/parcodelcariberd.com\/es\/politica-de-seguridad\/\",\"url\":\"https:\/\/parcodelcariberd.com\/es\/politica-de-seguridad\/\",\"name\":\"Politica de seguridad - Parco del Caribe\",\"isPartOf\":{\"@id\":\"https:\/\/parcodelcariberd.com\/es\/#website\"},\"datePublished\":\"2024-06-07T11:47:35+00:00\",\"dateModified\":\"2024-06-19T17:36:54+00:00\",\"breadcrumb\":{\"@id\":\"https:\/\/parcodelcariberd.com\/es\/politica-de-seguridad\/#breadcrumb\"},\"inLanguage\":\"es\",\"potentialAction\":[{\"@type\":\"ReadAction\",\"target\":[\"https:\/\/parcodelcariberd.com\/es\/politica-de-seguridad\/\"]}]},{\"@type\":\"BreadcrumbList\",\"@id\":\"https:\/\/parcodelcariberd.com\/es\/politica-de-seguridad\/#breadcrumb\",\"itemListElement\":[{\"@type\":\"ListItem\",\"position\":1,\"name\":\"Home\",\"item\":\"https:\/\/parcodelcariberd.com\/es\/\"},{\"@type\":\"ListItem\",\"position\":2,\"name\":\"Politica de seguridad\"}]},{\"@type\":\"WebSite\",\"@id\":\"https:\/\/parcodelcariberd.com\/es\/#website\",\"url\":\"https:\/\/parcodelcariberd.com\/es\/\",\"name\":\"Parco del Caribe\",\"description\":\"Alquiler de Apartamentos en Boca Chica\",\"potentialAction\":[{\"@type\":\"SearchAction\",\"target\":{\"@type\":\"EntryPoint\",\"urlTemplate\":\"https:\/\/parcodelcariberd.com\/es\/?s={search_term_string}\"},\"query-input\":\"required name=search_term_string\"}],\"inLanguage\":\"es\"}]}<\/script>\n<!-- \/ Yoast SEO Premium plugin. -->","yoast_head_json":{"title":"Politica de seguridad - Parco del Caribe","robots":{"index":"index","follow":"follow","max-snippet":"max-snippet:-1","max-image-preview":"max-image-preview:large","max-video-preview":"max-video-preview:-1"},"canonical":"https:\/\/parcodelcariberd.com\/es\/politica-de-seguridad\/","og_locale":"es_ES","og_type":"article","og_title":"Politica de seguridad","og_description":"Politica de seguridad Tomamos todas las medidas y precauciones razonables para proteger su informaci\u00f3n personal y seguimos las mejores pr\u00e1cticas de la industria para proteger su informaci\u00f3n de ser utilizada de manera inapropiada, alterada o destruida si formateamos la informaci\u00f3n de su tarjeta de cr\u00e9dito utilizando tecnolog\u00eda de capa de puerto seguro. O Secur Sockets [&hellip;]","og_url":"https:\/\/parcodelcariberd.com\/es\/politica-de-seguridad\/","og_site_name":"Parco del Caribe","article_modified_time":"2024-06-19T17:36:54+00:00","twitter_card":"summary_large_image","twitter_misc":{"Tiempo de lectura":"1 minuto"},"schema":{"@context":"https:\/\/schema.org","@graph":[{"@type":"WebPage","@id":"https:\/\/parcodelcariberd.com\/es\/politica-de-seguridad\/","url":"https:\/\/parcodelcariberd.com\/es\/politica-de-seguridad\/","name":"Politica de seguridad - Parco del Caribe","isPartOf":{"@id":"https:\/\/parcodelcariberd.com\/es\/#website"},"datePublished":"2024-06-07T11:47:35+00:00","dateModified":"2024-06-19T17:36:54+00:00","breadcrumb":{"@id":"https:\/\/parcodelcariberd.com\/es\/politica-de-seguridad\/#breadcrumb"},"inLanguage":"es","potentialAction":[{"@type":"ReadAction","target":["https:\/\/parcodelcariberd.com\/es\/politica-de-seguridad\/"]}]},{"@type":"BreadcrumbList","@id":"https:\/\/parcodelcariberd.com\/es\/politica-de-seguridad\/#breadcrumb","itemListElement":[{"@type":"ListItem","position":1,"name":"Home","item":"https:\/\/parcodelcariberd.com\/es\/"},{"@type":"ListItem","position":2,"name":"Politica de seguridad"}]},{"@type":"WebSite","@id":"https:\/\/parcodelcariberd.com\/es\/#website","url":"https:\/\/parcodelcariberd.com\/es\/","name":"Parco del Caribe","description":"Alquiler de Apartamentos en Boca Chica","potentialAction":[{"@type":"SearchAction","target":{"@type":"EntryPoint","urlTemplate":"https:\/\/parcodelcariberd.com\/es\/?s={search_term_string}"},"query-input":"required name=search_term_string"}],"inLanguage":"es"}]}},"_links":{"self":[{"href":"https:\/\/parcodelcariberd.com\/es\/wp-json\/wp\/v2\/pages\/5328"}],"collection":[{"href":"https:\/\/parcodelcariberd.com\/es\/wp-json\/wp\/v2\/pages"}],"about":[{"href":"https:\/\/parcodelcariberd.com\/es\/wp-json\/wp\/v2\/types\/page"}],"author":[{"embeddable":true,"href":"https:\/\/parcodelcariberd.com\/es\/wp-json\/wp\/v2\/users\/1"}],"replies":[{"embeddable":true,"href":"https:\/\/parcodelcariberd.com\/es\/wp-json\/wp\/v2\/comments?post=5328"}],"version-history":[{"count":2,"href":"https:\/\/parcodelcariberd.com\/es\/wp-json\/wp\/v2\/pages\/5328\/revisions"}],"predecessor-version":[{"id":5356,"href":"https:\/\/parcodelcariberd.com\/es\/wp-json\/wp\/v2\/pages\/5328\/revisions\/5356"}],"wp:attachment":[{"href":"https:\/\/parcodelcariberd.com\/es\/wp-json\/wp\/v2\/media?parent=5328"}],"curies":[{"name":"wp","href":"https:\/\/api.w.org\/{rel}","templated":true}]}}