{"id":5316,"date":"2024-05-23T15:17:58","date_gmt":"2024-05-23T15:17:58","guid":{"rendered":"https:\/\/parcodelcariberd.com\/terms-and-conditions\/"},"modified":"2024-06-08T10:01:53","modified_gmt":"2024-06-08T10:01:53","slug":"terms-and-conditions","status":"publish","type":"page","link":"https:\/\/parcodelcariberd.com\/es\/terms-and-conditions\/","title":{"rendered":"T\u00e9rminos y condiciones"},"content":{"rendered":"<h3 id=\"tw-target-text\" class=\"tw-data-text tw-text-large tw-ta\" dir=\"ltr\" data-placeholder=\"Translation\" aria-label=\"Translated text\" data-ved=\"2ahUKEwjokJzsi8uGAxWta_UHHeeOAroQ3ewLegQIBRAU\"><span class=\"Y2IQFc\" lang=\"es\">T\u00e9rminos y condiciones<\/span><\/h3>\n<p>&nbsp;<\/p>\n<h4>Reservas y Check-In:<\/h4>\n<ul>\n<li id=\"tw-target-text\" class=\"tw-data-text tw-text-large tw-ta\" dir=\"ltr\" data-placeholder=\"Translation\" aria-label=\"Translated text\" data-ved=\"2ahUKEwjokJzsi8uGAxWta_UHHeeOAroQ3ewLegQIBRAU\"><span class=\"Y2IQFc\" lang=\"es\"><strong>Confirmaci\u00f3n de Reserva:<\/strong> Tu reserva quedar\u00e1 confirmada una vez hayas realizado el pago y reservado tu habitaci\u00f3n.<\/span><\/li>\n<li dir=\"ltr\" data-placeholder=\"Translation\" aria-label=\"Translated text\" data-ved=\"2ahUKEwjokJzsi8uGAxWta_UHHeeOAroQ3ewLegQIBRAU\">\n<p id=\"tw-target-text\" class=\"tw-data-text tw-text-large tw-ta\" dir=\"ltr\" data-placeholder=\"Translation\" aria-label=\"Translated text\" data-ved=\"2ahUKEwjokJzsi8uGAxWta_UHHeeOAroQ3ewLegQIBRAU\"><span class=\"Y2IQFc\" lang=\"es\"><strong>Hora de check-in:<\/strong> El check-in anticipado se basa en disponibilidad, mientras que la hora es las 2:00 p.m. y tambi\u00e9n puede generar cargos adicionales para usted si llega antes de la hora.<\/span><\/p>\n<\/li>\n<li dir=\"ltr\" data-placeholder=\"Translation\" aria-label=\"Translated text\" data-ved=\"2ahUKEwjokJzsi8uGAxWta_UHHeeOAroQ3ewLegQIBRAU\">\n<p id=\"tw-target-text\" class=\"tw-data-text tw-text-large tw-ta\" dir=\"ltr\" data-placeholder=\"Translation\" aria-label=\"Translated text\" data-ved=\"2ahUKEwjokJzsi8uGAxWta_UHHeeOAroQ3ewLegQIBRAU\"><span class=\"Y2IQFc\" lang=\"es\"><strong>Documento de identidad:<\/strong> Es necesario que los invitados presenten documento de identidad para una mejor comunicaci\u00f3n.<\/span><\/p>\n<\/li>\n<\/ul>\n<h4 id=\"tw-target-text\" class=\"tw-data-text tw-text-large tw-ta\" dir=\"ltr\" data-placeholder=\"Translation\" aria-label=\"Translated text\" data-ved=\"2ahUKEwjokJzsi8uGAxWta_UHHeeOAroQ3ewLegQIBRAU\"><span class=\"Y2IQFc\" lang=\"es\">Pago:<\/span><\/h4>\n<ul>\n<li id=\"tw-target-text\" class=\"tw-data-text tw-text-large tw-ta\" dir=\"ltr\" data-placeholder=\"Translation\" aria-label=\"Translated text\" data-ved=\"2ahUKEwjokJzsi8uGAxWta_UHHeeOAroQ3ewLegQIBRAU\"><span class=\"Y2IQFc\" lang=\"es\">Aceptamos los principales PayPal, tarjetas de cr\u00e9dito, incluidas Visa y MasterCard, tarjetas de d\u00e9bito y efectivo para que sea conveniente para usted. No preferimos el pago por adelantado para garantizar una mayor claridad a los visitantes.<\/span><\/li>\n<\/ul>\n<h3 id=\"tw-target-text\" class=\"tw-data-text tw-text-large tw-ta\" dir=\"ltr\" data-placeholder=\"Translation\" aria-label=\"Translated text\" data-ved=\"2ahUKEwjokJzsi8uGAxWta_UHHeeOAroQ3ewLegQIBRAU\"><span class=\"Y2IQFc\" lang=\"es\">Verificar:<\/span><\/h3>\n<ul>\n<li id=\"tw-target-text\" class=\"tw-data-text tw-text-large tw-ta\" dir=\"ltr\" data-placeholder=\"Translation\" aria-label=\"Translated text\" data-ved=\"2ahUKEwjokJzsi8uGAxWta_UHHeeOAroQ3ewLegQIBRAU\"><span class=\"Y2IQFc\" lang=\"es\">La hora prevista de salida es las 13:00 horas. Las solicitudes de salida tard\u00eda se basar\u00e1n en la disponibilidad y pueden generar cargos adicionales.<\/span><\/li>\n<\/ul>\n<h4>Responsabilidades de los hu\u00e9spedes:<\/h4>\n<ul>\n<li id=\"tw-target-text\" class=\"tw-data-text tw-text-large tw-ta\" dir=\"ltr\" data-placeholder=\"Translation\" aria-label=\"Translated text\" data-ved=\"2ahUKEwjokJzsi8uGAxWta_UHHeeOAroQ3ewLegQIBRAU\"><span class=\"Y2IQFc\" lang=\"es\"><strong>Condici\u00f3n de la habitaci\u00f3n:<\/strong> En caso de cualquier da\u00f1o a la propiedad del hotel por parte de los hu\u00e9spedes, se podr\u00e1n cobrar cargos adicionales.<\/span><\/li>\n<li dir=\"ltr\" data-placeholder=\"Translation\" aria-label=\"Translated text\" data-ved=\"2ahUKEwjokJzsi8uGAxWta_UHHeeOAroQ3ewLegQIBRAU\">\n<p id=\"tw-target-text\" class=\"tw-data-text tw-text-large tw-ta\" dir=\"ltr\" data-placeholder=\"Translation\" aria-label=\"Translated text\" data-ved=\"2ahUKEwjokJzsi8uGAxWta_UHHeeOAroQ3ewLegQIBRAU\"><span class=\"Y2IQFc\" lang=\"es\"><strong>L\u00edmites de estad\u00eda:<\/strong> No debe haber m\u00e1s ocupantes en la habitaci\u00f3n; de lo contrario, puede costarle cargos adicionales.<\/span><\/p>\n<\/li>\n<\/ul>\n<h4 id=\"tw-target-text\" class=\"tw-data-text tw-text-large tw-ta\" dir=\"ltr\" data-placeholder=\"Translation\" aria-label=\"Translated text\" data-ved=\"2ahUKEwjokJzsi8uGAxWta_UHHeeOAroQ3ewLegQIBRAU\"><span class=\"Y2IQFc\" lang=\"es\">Pol\u00edticas del hotel:<\/span><\/h4>\n<ul>\n<li id=\"tw-target-text\" class=\"tw-data-text tw-text-large tw-ta\" dir=\"ltr\" data-placeholder=\"Translation\" aria-label=\"Translated text\" data-ved=\"2ahUKEwjokJzsi8uGAxWta_UHHeeOAroQ3ewLegQIBRAU\"><span class=\"Y2IQFc\" lang=\"es\"><strong>Pol\u00edtica de no fumar:<\/strong> No se espera que fume ni da\u00f1e nuestra propiedad.<\/span><\/li>\n<li dir=\"ltr\" data-placeholder=\"Translation\" aria-label=\"Translated text\" data-ved=\"2ahUKEwjokJzsi8uGAxWta_UHHeeOAroQ3ewLegQIBRAU\">\n<p id=\"tw-target-text\" class=\"tw-data-text tw-text-large tw-ta\" dir=\"ltr\" data-placeholder=\"Translation\" aria-label=\"Translated text\" data-ved=\"2ahUKEwjokJzsi8uGAxWta_UHHeeOAroQ3ewLegQIBRAU\"><span class=\"Y2IQFc\" lang=\"es\"><strong>Pertenencias personales:<\/strong> No seremos responsables de art\u00edculos personales perdidos, robados o da\u00f1ados. Se recomienda a los hu\u00e9spedes utilizar la caja fuerte de la habitaci\u00f3n para guardar sus objetos de valor.<\/span><\/p>\n<\/li>\n<\/ul>\n<h4>Resoluci\u00f3n de conflictos:<\/h4>\n<ul>\n<li id=\"tw-target-text\" class=\"tw-data-text tw-text-large tw-ta\" dir=\"ltr\" data-placeholder=\"Translation\" aria-label=\"Translated text\" data-ved=\"2ahUKEwjokJzsi8uGAxWta_UHHeeOAroQ3ewLegQIBRAU\"><span class=\"Y2IQFc\" lang=\"es\">Estos t\u00e9rminos y condiciones se rigen por las leyes de la jurisdicci\u00f3n y usted debe cumplir con estas pol\u00edticas.<\/span><\/li>\n<li>Any disputes arising from the stay will be resolved through negotiation. If unresolved, they may be settled in the local courts.<\/li>\n<\/ul>\n<h4 id=\"tw-target-text\" class=\"tw-data-text tw-text-large tw-ta\" dir=\"ltr\" data-placeholder=\"Translation\" aria-label=\"Translated text\" data-ved=\"2ahUKEwjokJzsi8uGAxWta_UHHeeOAroQ3ewLegQIBRAU\"><span class=\"Y2IQFc\" lang=\"es\">Modificaci\u00f3n de T\u00e9rminos:<\/span><\/h4>\n<ul>\n<li id=\"tw-target-text\" class=\"tw-data-text tw-text-large tw-ta\" dir=\"ltr\" data-placeholder=\"Translation\" aria-label=\"Translated text\" data-ved=\"2ahUKEwjokJzsi8uGAxWta_UHHeeOAroQ3ewLegQIBRAU\"><span class=\"Y2IQFc\" lang=\"es\">Tenemos derecho a modificar estos t\u00e9rminos y condiciones en cualquier momento sin previo aviso. Se anima a los hu\u00e9spedes a revisar los t\u00e9rminos peri\u00f3dicamente.<\/span><\/li>\n<\/ul>\n<h4>Aceptaci\u00f3n de los t\u00e9rminos:<\/h4>\n<div class=\"oSioSc\">\n<div id=\"tw-target\">\n<div id=\"kAz1tf\" class=\"g9WsWb PZPZlf\" data-attrid=\"tw-targetArea\" data-entityname=\"Google Translate\">\n<div id=\"tw-target-text-container\" class=\"tw-ta-container F0azHf tw-nfl\" tabindex=\"0\">\n<ul>\n<li id=\"tw-target-text\" class=\"tw-data-text tw-text-large tw-ta\" dir=\"ltr\" data-placeholder=\"Translation\" aria-label=\"Translated text\" data-ved=\"2ahUKEwjokJzsi8uGAxWta_UHHeeOAroQ3ewLegQIBRAU\"><span class=\"Y2IQFc\" lang=\"es\">Al confirmar una reserva y alojarse en el Parco Del Caribe, los hu\u00e9spedes aceptan cumplir con estos t\u00e9rminos y condiciones.<\/span><\/li>\n<\/ul>\n<\/div>\n<\/div>\n<\/div>\n<\/div>\n","protected":false},"excerpt":{"rendered":"<p>T\u00e9rminos y condiciones &nbsp; Reservas y Check-In: Confirmaci\u00f3n de Reserva: Tu reserva quedar\u00e1 confirmada una vez hayas realizado el pago y reservado tu habitaci\u00f3n. Hora de check-in: El check-in anticipado se basa en disponibilidad, mientras que la hora es las 2:00 p.m. y tambi\u00e9n puede generar cargos adicionales para usted si llega antes de la [&hellip;]<\/p>\n","protected":false},"author":1,"featured_media":0,"parent":0,"menu_order":0,"comment_status":"closed","ping_status":"closed","template":"","meta":[],"yoast_head":"<!-- This site is optimized with the Yoast SEO Premium plugin v19.5 (Yoast SEO v19.10) - https:\/\/yoast.com\/wordpress\/plugins\/seo\/ -->\n<title>T\u00e9rminos y condiciones - Parco del Caribe<\/title>\n<meta name=\"robots\" content=\"index, follow, max-snippet:-1, max-image-preview:large, max-video-preview:-1\" \/>\n<link rel=\"canonical\" href=\"https:\/\/parcodelcariberd.com\/es\/terms-and-conditions\/\" \/>\n<meta property=\"og:locale\" content=\"es_ES\" \/>\n<meta property=\"og:type\" content=\"article\" \/>\n<meta property=\"og:title\" content=\"T\u00e9rminos y condiciones\" \/>\n<meta property=\"og:description\" content=\"T\u00e9rminos y condiciones &nbsp; Reservas y Check-In: Confirmaci\u00f3n de Reserva: Tu reserva quedar\u00e1 confirmada una vez hayas realizado el pago y reservado tu habitaci\u00f3n. Hora de check-in: El check-in anticipado se basa en disponibilidad, mientras que la hora es las 2:00 p.m. y tambi\u00e9n puede generar cargos adicionales para usted si llega antes de la [&hellip;]\" \/>\n<meta property=\"og:url\" content=\"https:\/\/parcodelcariberd.com\/es\/terms-and-conditions\/\" \/>\n<meta property=\"og:site_name\" content=\"Parco del Caribe\" \/>\n<meta property=\"article:modified_time\" content=\"2024-06-08T10:01:53+00:00\" \/>\n<meta name=\"twitter:card\" content=\"summary_large_image\" \/>\n<meta name=\"twitter:label1\" content=\"Tiempo de lectura\" \/>\n\t<meta name=\"twitter:data1\" content=\"2 minutos\" \/>\n<script type=\"application\/ld+json\" class=\"yoast-schema-graph\">{\"@context\":\"https:\/\/schema.org\",\"@graph\":[{\"@type\":\"WebPage\",\"@id\":\"https:\/\/parcodelcariberd.com\/es\/terms-and-conditions\/\",\"url\":\"https:\/\/parcodelcariberd.com\/es\/terms-and-conditions\/\",\"name\":\"T\u00e9rminos y condiciones - Parco del Caribe\",\"isPartOf\":{\"@id\":\"https:\/\/parcodelcariberd.com\/es\/#website\"},\"datePublished\":\"2024-05-23T15:17:58+00:00\",\"dateModified\":\"2024-06-08T10:01:53+00:00\",\"breadcrumb\":{\"@id\":\"https:\/\/parcodelcariberd.com\/es\/terms-and-conditions\/#breadcrumb\"},\"inLanguage\":\"es\",\"potentialAction\":[{\"@type\":\"ReadAction\",\"target\":[\"https:\/\/parcodelcariberd.com\/es\/terms-and-conditions\/\"]}]},{\"@type\":\"BreadcrumbList\",\"@id\":\"https:\/\/parcodelcariberd.com\/es\/terms-and-conditions\/#breadcrumb\",\"itemListElement\":[{\"@type\":\"ListItem\",\"position\":1,\"name\":\"Home\",\"item\":\"https:\/\/parcodelcariberd.com\/es\/\"},{\"@type\":\"ListItem\",\"position\":2,\"name\":\"T\u00e9rminos y condiciones\"}]},{\"@type\":\"WebSite\",\"@id\":\"https:\/\/parcodelcariberd.com\/es\/#website\",\"url\":\"https:\/\/parcodelcariberd.com\/es\/\",\"name\":\"Parco del Caribe\",\"description\":\"Alquiler de Apartamentos en Boca Chica\",\"potentialAction\":[{\"@type\":\"SearchAction\",\"target\":{\"@type\":\"EntryPoint\",\"urlTemplate\":\"https:\/\/parcodelcariberd.com\/es\/?s={search_term_string}\"},\"query-input\":\"required name=search_term_string\"}],\"inLanguage\":\"es\"}]}<\/script>\n<!-- \/ Yoast SEO Premium plugin. -->","yoast_head_json":{"title":"T\u00e9rminos y condiciones - Parco del Caribe","robots":{"index":"index","follow":"follow","max-snippet":"max-snippet:-1","max-image-preview":"max-image-preview:large","max-video-preview":"max-video-preview:-1"},"canonical":"https:\/\/parcodelcariberd.com\/es\/terms-and-conditions\/","og_locale":"es_ES","og_type":"article","og_title":"T\u00e9rminos y condiciones","og_description":"T\u00e9rminos y condiciones &nbsp; Reservas y Check-In: Confirmaci\u00f3n de Reserva: Tu reserva quedar\u00e1 confirmada una vez hayas realizado el pago y reservado tu habitaci\u00f3n. Hora de check-in: El check-in anticipado se basa en disponibilidad, mientras que la hora es las 2:00 p.m. y tambi\u00e9n puede generar cargos adicionales para usted si llega antes de la [&hellip;]","og_url":"https:\/\/parcodelcariberd.com\/es\/terms-and-conditions\/","og_site_name":"Parco del Caribe","article_modified_time":"2024-06-08T10:01:53+00:00","twitter_card":"summary_large_image","twitter_misc":{"Tiempo de lectura":"2 minutos"},"schema":{"@context":"https:\/\/schema.org","@graph":[{"@type":"WebPage","@id":"https:\/\/parcodelcariberd.com\/es\/terms-and-conditions\/","url":"https:\/\/parcodelcariberd.com\/es\/terms-and-conditions\/","name":"T\u00e9rminos y condiciones - Parco del Caribe","isPartOf":{"@id":"https:\/\/parcodelcariberd.com\/es\/#website"},"datePublished":"2024-05-23T15:17:58+00:00","dateModified":"2024-06-08T10:01:53+00:00","breadcrumb":{"@id":"https:\/\/parcodelcariberd.com\/es\/terms-and-conditions\/#breadcrumb"},"inLanguage":"es","potentialAction":[{"@type":"ReadAction","target":["https:\/\/parcodelcariberd.com\/es\/terms-and-conditions\/"]}]},{"@type":"BreadcrumbList","@id":"https:\/\/parcodelcariberd.com\/es\/terms-and-conditions\/#breadcrumb","itemListElement":[{"@type":"ListItem","position":1,"name":"Home","item":"https:\/\/parcodelcariberd.com\/es\/"},{"@type":"ListItem","position":2,"name":"T\u00e9rminos y condiciones"}]},{"@type":"WebSite","@id":"https:\/\/parcodelcariberd.com\/es\/#website","url":"https:\/\/parcodelcariberd.com\/es\/","name":"Parco del Caribe","description":"Alquiler de Apartamentos en Boca Chica","potentialAction":[{"@type":"SearchAction","target":{"@type":"EntryPoint","urlTemplate":"https:\/\/parcodelcariberd.com\/es\/?s={search_term_string}"},"query-input":"required name=search_term_string"}],"inLanguage":"es"}]}},"_links":{"self":[{"href":"https:\/\/parcodelcariberd.com\/es\/wp-json\/wp\/v2\/pages\/5316"}],"collection":[{"href":"https:\/\/parcodelcariberd.com\/es\/wp-json\/wp\/v2\/pages"}],"about":[{"href":"https:\/\/parcodelcariberd.com\/es\/wp-json\/wp\/v2\/types\/page"}],"author":[{"embeddable":true,"href":"https:\/\/parcodelcariberd.com\/es\/wp-json\/wp\/v2\/users\/1"}],"replies":[{"embeddable":true,"href":"https:\/\/parcodelcariberd.com\/es\/wp-json\/wp\/v2\/comments?post=5316"}],"version-history":[{"count":4,"href":"https:\/\/parcodelcariberd.com\/es\/wp-json\/wp\/v2\/pages\/5316\/revisions"}],"predecessor-version":[{"id":5351,"href":"https:\/\/parcodelcariberd.com\/es\/wp-json\/wp\/v2\/pages\/5316\/revisions\/5351"}],"wp:attachment":[{"href":"https:\/\/parcodelcariberd.com\/es\/wp-json\/wp\/v2\/media?parent=5316"}],"curies":[{"name":"wp","href":"https:\/\/api.w.org\/{rel}","templated":true}]}}