{"id":25,"date":"2018-02-17T13:08:13","date_gmt":"2018-02-17T13:08:13","guid":{"rendered":"https:\/\/preview.eagle-themes.com\/zante\/?page_id=25"},"modified":"2022-08-10T08:39:30","modified_gmt":"2022-08-10T08:39:30","slug":"el-residencial","status":"publish","type":"page","link":"https:\/\/parcodelcariberd.com\/es\/el-residencial\/","title":{"rendered":"El Residencial"},"content":{"rendered":"<p>[vc_row full_width=&#8221;stretch_row&#8221; css=&#8221;.vc_custom_1531729276201{padding-bottom: 80px !important;}&#8221;][vc_column width=&#8221;1\/2&#8243;]\t\t\t<div\r\n\t\t\t\tclass=\"main_title  text-left  \">\r\n\t\t\t\t<h2 class=\"title\">PARCO DEL CARIBE<\/h2>\r\n\t\t\t\t\t\t\t\t\t<p class=\"main_description\">\u00a1Relajaci\u00f3n - Calidad &amp; Confort!<\/p>\r\n\t\t\t\t\t\t\t<\/div>\r\n\t\t[vc_column_text]<\/p>\n<h5>EN CASA LEJOS DE CASA<\/h5>\n<p class=\"main_description\">El residencial\u00a0<strong>Parco del Caribe<\/strong>\u00a0esta\u00a0<strong>ubicado a Boca Chica<\/strong>, una ciudad de la costa Sur Este de la la Rep\u00fablica Dominicana que dista s\u00f3lo 30 minutos da la hist\u00f3rica capital Santo Domingo y\u00a0<strong>15 minutos del Aeropuerto Internacional de Las Am\u00e9ricas.<\/strong>\u00a0Aqu\u00ed encontrara\u00a0<strong>un<\/strong>\u00a0<strong>ambiente familiar y acogedor<\/strong>\u00a0donde podr\u00e1s disfrutar de una estancia c\u00f3moda y agradable y el staff italiano y dominicano te cuidar\u00e1n aconsej\u00e1ndote c\u00f3mo disfrutar a lo m\u00e1ximo de tus vacaciones.<\/p>\n<p>&nbsp;<\/p>\n<h5>LA COMODIDAD DE UNA CASA CON EL CONFORT DE UN HOTEL<\/h5>\n<p class=\"main_description\">Los apartamentos amplios y confortables ofrecen la comodidad de una casa con los\u00a0<strong>servicios de un hotel<\/strong>\u00a0limpieza diaria, s\u00e1banas, toallas tv internacional, wifi gratuito, caja fuerte, aire acondicionado, servicio de recepci\u00f3n de 24 horas\u00a0<strong><a href=\"https:\/\/parcodelcariberd.com\/gallery-without-details\/\">MIRA LAS FOTOS<\/a><\/strong><\/p>\n<p>&nbsp;<\/p>\n<h5>PLANIFICA AL MAXIMO TUS VACACIONES<\/h5>\n<p class=\"main_description\">Los apartamentos y habitaciones de Parco del Caribe, estan rodeados de un jardin tropical y ubicados en el centro de Boca Chica\u00a0<strong>a pocos pasos de la playa y de la calle principal.<\/strong>\u00a0Todos es cercano y accesible a pie. La playa con arena blanca y palmeras est\u00e1 protej\u00edda por una barrera coralina natural y su mar de agua caliente, tranquilo, y poco profundo es ideal para adultos y ni\u00f1os. Para desfrutar a lo mejor tu vacacion\u00a0<strong><a href=\"https:\/\/parcodelcariberd.com\/lugares-cercanos\/\">CONSULTA NUESTRA GUIA<\/a><\/strong><\/p>\n<p>[\/vc_column_text][\/vc_column][vc_column width=&#8221;1\/2&#8243;][vc_empty_space height=&#8221;75&#8243;][vc_single_image image=&#8221;3079&#8243; img_size=&#8221;full&#8221;][vc_single_image image=&#8221;3621&#8243; img_size=&#8221;full&#8221;][\/vc_column][\/vc_row][vc_row][vc_column][vc_row_inner][vc_column_inner]           \r\n            <div class=\"row\">\r\n\t            <div class=\"image-gallery\">\r\n\r\n                   \r\n                    <!-- GALLERY ITEM -->\r\n                    <div class=\"col-lg-3 col-sm-6\">\r\n                      <figure class=\"gradient-overlay-hover icon-zoom-hover zoom-image-hover\">\r\n                                                <a href=\"https:\/\/parcodelcariberd.com\/wp-content\/uploads\/2022\/08\/1.jpg\">\r\n                          <img src=\"https:\/\/parcodelcariberd.com\/wp-content\/uploads\/2022\/08\/1.jpg\" class=\"img-responsive\">\r\n                        <\/a>\r\n                                            <\/figure>\r\n                    <\/div>\r\n\r\n                    \r\n                    <!-- GALLERY ITEM -->\r\n                    <div class=\"col-lg-3 col-sm-6\">\r\n                      <figure class=\"gradient-overlay-hover icon-zoom-hover zoom-image-hover\">\r\n                                                <a href=\"https:\/\/parcodelcariberd.com\/wp-content\/uploads\/2022\/08\/4.jpg\">\r\n                          <img src=\"https:\/\/parcodelcariberd.com\/wp-content\/uploads\/2022\/08\/4.jpg\" class=\"img-responsive\">\r\n                        <\/a>\r\n                                            <\/figure>\r\n                    <\/div>\r\n\r\n                    \r\n                    <!-- GALLERY ITEM -->\r\n                    <div class=\"col-lg-3 col-sm-6\">\r\n                      <figure class=\"gradient-overlay-hover icon-zoom-hover zoom-image-hover\">\r\n                                                <a href=\"https:\/\/parcodelcariberd.com\/wp-content\/uploads\/2022\/08\/3.jpg\">\r\n                          <img src=\"https:\/\/parcodelcariberd.com\/wp-content\/uploads\/2022\/08\/3.jpg\" class=\"img-responsive\">\r\n                        <\/a>\r\n                                            <\/figure>\r\n                    <\/div>\r\n\r\n                    \r\n                    <!-- GALLERY ITEM -->\r\n                    <div class=\"col-lg-3 col-sm-6\">\r\n                      <figure class=\"gradient-overlay-hover icon-zoom-hover zoom-image-hover\">\r\n                                                <a href=\"https:\/\/parcodelcariberd.com\/wp-content\/uploads\/2022\/08\/2.jpg\">\r\n                          <img src=\"https:\/\/parcodelcariberd.com\/wp-content\/uploads\/2022\/08\/2.jpg\" class=\"img-responsive\">\r\n                        <\/a>\r\n                                            <\/figure>\r\n                    <\/div>\r\n\r\n                    \r\n\t                \t            <\/div>\r\n            <\/div>\r\n\r\n        [vc_column_text]La estructura moderna y espaciosa esta rodeada de un jard\u00edn tropical muy verde y bonito.<\/p>\n<p>Los apartamentos superior son amplios y luminosos, con\u00a0<strong>una o dos habitaciones<\/strong>, ba\u00f1o, cocina equipada, sala con sof\u00e1-cama y balc\u00f3n grande.<\/p>\n<p>Los apartamentos son ideales tambi\u00e9n para quienes considera las largas estancias.<\/p>\n<p>Los muebles hechos a mano en mimbre, rattan y tip\u00edco bambu permite disfrutar a lo mejor lo espacio disponible creando un ambiente confortable y acojedor.[\/vc_column_text][\/vc_column_inner][\/vc_row_inner][\/vc_column][\/vc_row]<\/p>\n","protected":false},"excerpt":{"rendered":"<p>[vc_row full_width=&#8221;stretch_row&#8221; css=&#8221;.vc_custom_1531729276201{padding-bottom: 80px !important;}&#8221;][vc_column width=&#8221;1\/2&#8243;][vc_column_text] EN CASA LEJOS DE CASA El residencial\u00a0Parco del Caribe\u00a0esta\u00a0ubicado a Boca Chica, una ciudad de la costa Sur Este de la la Rep\u00fablica Dominicana que dista s\u00f3lo 30 minutos da la hist\u00f3rica capital Santo Domingo y\u00a015 minutos del Aeropuerto Internacional de Las Am\u00e9ricas.\u00a0Aqu\u00ed encontrara\u00a0un\u00a0ambiente familiar y acogedor\u00a0donde podr\u00e1s disfrutar [&hellip;]<\/p>\n","protected":false},"author":1,"featured_media":0,"parent":0,"menu_order":0,"comment_status":"closed","ping_status":"closed","template":"","meta":[],"yoast_head":"<!-- This site is optimized with the Yoast SEO Premium plugin v19.5 (Yoast SEO v19.10) - https:\/\/yoast.com\/wordpress\/plugins\/seo\/ -->\n<title>El Residencial - Parco del Caribe<\/title>\n<meta name=\"robots\" content=\"index, follow, max-snippet:-1, max-image-preview:large, max-video-preview:-1\" \/>\n<link rel=\"canonical\" href=\"https:\/\/parcodelcariberd.com\/es\/el-residencial\/\" \/>\n<meta property=\"og:locale\" content=\"es_ES\" \/>\n<meta property=\"og:type\" content=\"article\" \/>\n<meta property=\"og:title\" content=\"El Residencial\" \/>\n<meta property=\"og:description\" content=\"[vc_row full_width=&#8221;stretch_row&#8221; css=&#8221;.vc_custom_1531729276201{padding-bottom: 80px !important;}&#8221;][vc_column width=&#8221;1\/2&#8243;][vc_column_text] EN CASA LEJOS DE CASA El residencial\u00a0Parco del Caribe\u00a0esta\u00a0ubicado a Boca Chica, una ciudad de la costa Sur Este de la la Rep\u00fablica Dominicana que dista s\u00f3lo 30 minutos da la hist\u00f3rica capital Santo Domingo y\u00a015 minutos del Aeropuerto Internacional de Las Am\u00e9ricas.\u00a0Aqu\u00ed encontrara\u00a0un\u00a0ambiente familiar y acogedor\u00a0donde podr\u00e1s disfrutar [&hellip;]\" \/>\n<meta property=\"og:url\" content=\"https:\/\/parcodelcariberd.com\/es\/el-residencial\/\" \/>\n<meta property=\"og:site_name\" content=\"Parco del Caribe\" \/>\n<meta property=\"article:modified_time\" content=\"2022-08-10T08:39:30+00:00\" \/>\n<meta name=\"twitter:card\" content=\"summary_large_image\" \/>\n<meta name=\"twitter:label1\" content=\"Tiempo de lectura\" \/>\n\t<meta name=\"twitter:data1\" content=\"2 minutos\" \/>\n<script type=\"application\/ld+json\" class=\"yoast-schema-graph\">{\"@context\":\"https:\/\/schema.org\",\"@graph\":[{\"@type\":\"WebPage\",\"@id\":\"https:\/\/parcodelcariberd.com\/es\/el-residencial\/\",\"url\":\"https:\/\/parcodelcariberd.com\/es\/el-residencial\/\",\"name\":\"El Residencial - Parco del Caribe\",\"isPartOf\":{\"@id\":\"https:\/\/parcodelcariberd.com\/es\/#website\"},\"datePublished\":\"2018-02-17T13:08:13+00:00\",\"dateModified\":\"2022-08-10T08:39:30+00:00\",\"breadcrumb\":{\"@id\":\"https:\/\/parcodelcariberd.com\/es\/el-residencial\/#breadcrumb\"},\"inLanguage\":\"es\",\"potentialAction\":[{\"@type\":\"ReadAction\",\"target\":[\"https:\/\/parcodelcariberd.com\/es\/el-residencial\/\"]}]},{\"@type\":\"BreadcrumbList\",\"@id\":\"https:\/\/parcodelcariberd.com\/es\/el-residencial\/#breadcrumb\",\"itemListElement\":[{\"@type\":\"ListItem\",\"position\":1,\"name\":\"Home\",\"item\":\"https:\/\/parcodelcariberd.com\/es\/\"},{\"@type\":\"ListItem\",\"position\":2,\"name\":\"El Residencial\"}]},{\"@type\":\"WebSite\",\"@id\":\"https:\/\/parcodelcariberd.com\/es\/#website\",\"url\":\"https:\/\/parcodelcariberd.com\/es\/\",\"name\":\"Parco del Caribe\",\"description\":\"Alquiler de Apartamentos en Boca Chica\",\"potentialAction\":[{\"@type\":\"SearchAction\",\"target\":{\"@type\":\"EntryPoint\",\"urlTemplate\":\"https:\/\/parcodelcariberd.com\/es\/?s={search_term_string}\"},\"query-input\":\"required name=search_term_string\"}],\"inLanguage\":\"es\"}]}<\/script>\n<!-- \/ Yoast SEO Premium plugin. -->","yoast_head_json":{"title":"El Residencial - Parco del Caribe","robots":{"index":"index","follow":"follow","max-snippet":"max-snippet:-1","max-image-preview":"max-image-preview:large","max-video-preview":"max-video-preview:-1"},"canonical":"https:\/\/parcodelcariberd.com\/es\/el-residencial\/","og_locale":"es_ES","og_type":"article","og_title":"El Residencial","og_description":"[vc_row full_width=&#8221;stretch_row&#8221; css=&#8221;.vc_custom_1531729276201{padding-bottom: 80px !important;}&#8221;][vc_column width=&#8221;1\/2&#8243;][vc_column_text] EN CASA LEJOS DE CASA El residencial\u00a0Parco del Caribe\u00a0esta\u00a0ubicado a Boca Chica, una ciudad de la costa Sur Este de la la Rep\u00fablica Dominicana que dista s\u00f3lo 30 minutos da la hist\u00f3rica capital Santo Domingo y\u00a015 minutos del Aeropuerto Internacional de Las Am\u00e9ricas.\u00a0Aqu\u00ed encontrara\u00a0un\u00a0ambiente familiar y acogedor\u00a0donde podr\u00e1s disfrutar [&hellip;]","og_url":"https:\/\/parcodelcariberd.com\/es\/el-residencial\/","og_site_name":"Parco del Caribe","article_modified_time":"2022-08-10T08:39:30+00:00","twitter_card":"summary_large_image","twitter_misc":{"Tiempo de lectura":"2 minutos"},"schema":{"@context":"https:\/\/schema.org","@graph":[{"@type":"WebPage","@id":"https:\/\/parcodelcariberd.com\/es\/el-residencial\/","url":"https:\/\/parcodelcariberd.com\/es\/el-residencial\/","name":"El Residencial - Parco del Caribe","isPartOf":{"@id":"https:\/\/parcodelcariberd.com\/es\/#website"},"datePublished":"2018-02-17T13:08:13+00:00","dateModified":"2022-08-10T08:39:30+00:00","breadcrumb":{"@id":"https:\/\/parcodelcariberd.com\/es\/el-residencial\/#breadcrumb"},"inLanguage":"es","potentialAction":[{"@type":"ReadAction","target":["https:\/\/parcodelcariberd.com\/es\/el-residencial\/"]}]},{"@type":"BreadcrumbList","@id":"https:\/\/parcodelcariberd.com\/es\/el-residencial\/#breadcrumb","itemListElement":[{"@type":"ListItem","position":1,"name":"Home","item":"https:\/\/parcodelcariberd.com\/es\/"},{"@type":"ListItem","position":2,"name":"El Residencial"}]},{"@type":"WebSite","@id":"https:\/\/parcodelcariberd.com\/es\/#website","url":"https:\/\/parcodelcariberd.com\/es\/","name":"Parco del Caribe","description":"Alquiler de Apartamentos en Boca Chica","potentialAction":[{"@type":"SearchAction","target":{"@type":"EntryPoint","urlTemplate":"https:\/\/parcodelcariberd.com\/es\/?s={search_term_string}"},"query-input":"required name=search_term_string"}],"inLanguage":"es"}]}},"_links":{"self":[{"href":"https:\/\/parcodelcariberd.com\/es\/wp-json\/wp\/v2\/pages\/25"}],"collection":[{"href":"https:\/\/parcodelcariberd.com\/es\/wp-json\/wp\/v2\/pages"}],"about":[{"href":"https:\/\/parcodelcariberd.com\/es\/wp-json\/wp\/v2\/types\/page"}],"author":[{"embeddable":true,"href":"https:\/\/parcodelcariberd.com\/es\/wp-json\/wp\/v2\/users\/1"}],"replies":[{"embeddable":true,"href":"https:\/\/parcodelcariberd.com\/es\/wp-json\/wp\/v2\/comments?post=25"}],"version-history":[{"count":31,"href":"https:\/\/parcodelcariberd.com\/es\/wp-json\/wp\/v2\/pages\/25\/revisions"}],"predecessor-version":[{"id":5031,"href":"https:\/\/parcodelcariberd.com\/es\/wp-json\/wp\/v2\/pages\/25\/revisions\/5031"}],"wp:attachment":[{"href":"https:\/\/parcodelcariberd.com\/es\/wp-json\/wp\/v2\/media?parent=25"}],"curies":[{"name":"wp","href":"https:\/\/api.w.org\/{rel}","templated":true}]}}